{"id":20427,"date":"2026-02-16T14:32:31","date_gmt":"2026-02-16T14:32:31","guid":{"rendered":"https:\/\/www.denmarkfarm.org.uk\/?post_type=product&#038;p=20427"},"modified":"2026-03-16T11:57:03","modified_gmt":"2026-03-16T11:57:03","slug":"peintio-mandala-troellog-copy","status":"publish","type":"product","link":"https:\/\/www.denmarkfarm.org.uk\/cy\/siopa\/peintio-mandala-troellog-copy\/","title":{"rendered":"Meddyginiaethau natur ar gyfer dwylo sy&#8217;n gweithio&#8217;n galed"},"content":{"rendered":"<article class=\"text-token-text-primary w-full focus:outline-none [--shadow-height:45px] has-data-writing-block:pointer-events-none has-data-writing-block:-mt-(--shadow-height) has-data-writing-block:pt-(--shadow-height) [&amp;:has([data-writing-block])&gt;*]:pointer-events-auto scroll-mt-(--header-height)\" dir=\"auto\" tabindex=\"-1\" data-turn-id=\"1b1a8ab5-606e-40f9-ae82-5eea407ee103\" data-testid=\"conversation-turn-1\" data-scroll-anchor=\"false\" data-turn=\"user\"><\/article>\n<article class=\"text-token-text-primary w-full focus:outline-none [--shadow-height:45px] has-data-writing-block:pointer-events-none has-data-writing-block:-mt-(--shadow-height) has-data-writing-block:pt-(--shadow-height) [&amp;:has([data-writing-block])&gt;*]:pointer-events-auto [content-visibility:auto] supports-[content-visibility:auto]:[contain-intrinsic-size:auto_100lvh] scroll-mt-[calc(var(--header-height)+min(200px,max(70px,20svh)))]\" dir=\"auto\" tabindex=\"-1\" data-turn-id=\"request-WEB:30693d6b-3981-46d1-9e0c-a26f518d5e96-0\" data-testid=\"conversation-turn-2\" data-scroll-anchor=\"true\" data-turn=\"assistant\">\n<div class=\"text-base my-auto mx-auto pb-10 [--thread-content-margin:--spacing(4)] @w-sm\/main:[--thread-content-margin:--spacing(6)] @w-lg\/main:[--thread-content-margin:--spacing(16)] px-(--thread-content-margin)\">\n<div class=\"[--thread-content-max-width:40rem] @w-lg\/main:[--thread-content-max-width:48rem] mx-auto max-w-(--thread-content-max-width) flex-1 group\/turn-messages focus-visible:outline-hidden relative flex w-full min-w-0 flex-col agent-turn\" tabindex=\"-1\">\n<div class=\"flex max-w-full flex-col grow\">\n<div class=\"min-h-8 text-message relative flex w-full flex-col items-end gap-2 text-start break-words whitespace-normal [.text-message+&amp;]:mt-1\" dir=\"auto\" data-message-author-role=\"assistant\" data-message-id=\"b26ff6fb-184e-4ab5-894f-c0096151136d\" data-message-model-slug=\"gpt-5-2\">\n<div class=\"flex w-full flex-col gap-1 empty:hidden first:pt-[1px]\">\n<div class=\"markdown prose dark:prose-invert w-full wrap-break-word light markdown-new-styling\">\n<p data-start=\"0\" data-end=\"651\" data-is-last-node=\"\" data-is-only-node=\"\">Mae&#8217;r gweithdy llysieuol ymarferol hwn yn canolbwyntio ar greu balm croen iachau i&#8217;w gymryd adref sy&#8217;n archwilio ac yn defnyddio meddyginiaethau natur ar gyfer dwylo sy&#8217;n gweithio&#8217;n galed.<\/p>\n<p data-start=\"0\" data-end=\"651\" data-is-last-node=\"\" data-is-only-node=\"\">Byddwn yn dechrau gyda throsolwg o&#8217;r hyn y byddwn yn ei wneud, yna&#8217;n mynd allan (os bydd y tywydd yn caniat\u00e1u) i archwilio&#8217;r planhigion cynnar yn y gwanwyn o amgylch Fferm Denmark, fel danadl poethion, llau&#8217;r offeiriad, dant y llew, llyriad y gwair, a gwair y gwair, gan drafod eu manteision a blasu te llysieuol ffres.<\/p>\n<p data-start=\"0\" data-end=\"651\" data-is-last-node=\"\" data-is-only-node=\"\">Ar \u00f4l cinio, byddwn yn cynaeafu blodau ac yn gwneud olew wedi&#8217;i drwytho \u00e2 dull poeth, gan ei gymharu \u00e2 thrwythiadau oer ac archwilio rhinweddau dant y llew. Byddwch yn dysgu awgrymiadau cynaeafu, technegau gwasgu, a llunio balm. Bydd cyfranogwyr yn cymysgu, yn persawru, yn labelu, ac yn mynd \u00e2 balm personol adref i feithrin ac adfer eich dwylo gweithgar, ynghyd \u00e2 thaflen rys\u00e1it i&#8217;w defnyddio yn y dyfodol.  <\/p>\n<p data-start=\"0\" data-end=\"651\" data-is-last-node=\"\" data-is-only-node=\"\">Byddwch chi&#8217;n dysgu:<\/p>\n<\/div>\n<\/div>\n<\/div>\n<\/div>\n<\/div>\n<\/div>\n<\/article>\n<ul>\n<li>manteision iachau planhigion cynnar y gwanwyn fel danadl poethion, dant y llew, llyriad a gwair y gwair.<\/li>\n<li>rhinweddau pob rhan o ddant y llew &#8211; dail, gwreiddiau a blodau.<\/li>\n<li>sut i wneud a blasu te llysieuol.<\/li>\n<li>ffyrdd eraill y gallwn ddefnyddio planhigion iachau\u2019r gwanwyn a phwy maen nhw\u2019n addas ar eu cyfer.<\/li>\n<li>sut i gynaeafu blodau gwyllt a pham eu bod nhw&#8217;n dda mewn balmau croen<\/li>\n<li>sut i wneud olew wedi&#8217;i drwytho gan ddefnyddio&#8217;r dull poeth,<\/li>\n<li>sut i ddefnyddio&#8217;r dull trwytho oer a phryd mae&#8217;n briodol ei ddefnyddio.<\/li>\n<li>sut i gymysgu, persawru a storio eich balm iachau.<\/li>\n<\/ul>\n<p><strong>Darperir yr holl ddeunyddiau ac offer, fodd bynnag mae ffi ychwanegol o \u00a35 yn daladwy i&#8217;r tiwtor mewn arian parod ar y diwrnod fel cyfraniad at y deunyddiau y byddwch chi&#8217;n eu cymryd adref.<\/strong><\/p>\n<p>Eich tiwtor gweithdy yw:<\/p>\n<p><strong><img decoding=\"async\" class=\"alignright wp-image-20428 \" src=\"https:\/\/www.denmarkfarm.org.uk\/wp-content\/uploads\/2026\/02\/Claire-Lewis-herbalist.png\" alt=\"\" width=\"194\" height=\"315\">Clare Lewis BSc (Anrh) MNIMH Meddyg Perlysieuol  <\/strong><\/p>\n<p>Rwy&#8217;n Llysieuydd Meddygol cymwys ac yn aelod llawn yswiriant o Sefydliad Cenedlaethol y Llysieuwyr Meddygol. Rwy&#8217;n ymarfer o Gwt Bugeiliaid oddi ar y grid ger Tregaron. Rwy&#8217;n caru planhigion wedi&#8217;u tyfu a rhai gwyllt ac wrth fy modd yn rhannu gwybodaeth am sut y gall planhigion ein helpu. Mae gweithdai ymarferol yn gyfle gwych i brofi sgiliau sylfaenol a ddefnyddir mewn meddygaeth lysieuol draddodiadol.   <\/p>\n<p>Meddygaeth Lysieuol yw&#8217;r math hynaf o iach\u00e2d gan ddynolryw, a gaiff ei ymarfer mewn llu o ffurfiau ledled y byd. Dyma sylfaen meddygaeth fodern. Mae llysieuydd meddygol yn defnyddio gwybodaeth draddodiadol am blanhigion a thystiolaeth wyddonol fodern yn ymarferol.  <\/p>\n","protected":false},"excerpt":{"rendered":"<p>Yn y gweithdy llysieuol ymarferol hwn, byddwch yn creu balm croen iachau naturiol i&#8217;w gymryd adref, o blanhigion cynnar y gwanwyn fel danadl poethion,&#8230;<\/p>\n","protected":false},"featured_media":20430,"template":"","meta":{"_acf_changed":false},"product_brand":[],"product_cat":[1411,1406],"product_tag":[1412],"event-month":[1450],"class_list":{"0":"post-20427","1":"product","2":"type-product","3":"status-publish","4":"has-post-thumbnail","6":"product_cat-cyrsiau-crefft","7":"product_cat-gweithdai-a-chyrsiau","8":"product_tag-cyrsiau-crefft","9":"event-month-ebrill","11":"first","12":"instock","13":"virtual","14":"purchasable","15":"product-type-simple"},"acf":[],"yoast_head":"<!-- This site is optimized with the Yoast SEO plugin v27.4 - https:\/\/yoast.com\/product\/yoast-seo-wordpress\/ -->\n<title>Meddyginiaethau natur ar gyfer dwylo sy&#039;n gweithio&#039;n galed - Canolfan Gadwraeth Fferm Denmarc<\/title>\n<meta name=\"description\" content=\"Ymunwch \u00e2&#039;r gweithdy llysieuol hwn a chreu eich balm croen iachau eich hun. Archwiliwch blanhigion y gwanwyn, dysgwch dechnegau trwytho, a chymerwch balm personol adref.\" \/>\n<meta name=\"robots\" content=\"index, follow, max-snippet:-1, max-image-preview:large, max-video-preview:-1\" \/>\n<link rel=\"canonical\" href=\"https:\/\/www.denmarkfarm.org.uk\/cy\/siopa\/peintio-mandala-troellog-copy\/\" \/>\n<meta property=\"og:locale\" content=\"en_US\" \/>\n<meta property=\"og:type\" content=\"article\" \/>\n<meta property=\"og:title\" content=\"Meddyginiaethau natur ar gyfer dwylo sy&#039;n gweithio&#039;n galed - Canolfan Gadwraeth Fferm Denmarc\" \/>\n<meta property=\"og:description\" content=\"Ymunwch \u00e2&#039;r gweithdy llysieuol hwn a chreu eich balm croen iachau eich hun. Archwiliwch blanhigion y gwanwyn, dysgwch dechnegau trwytho, a chymerwch balm personol adref.\" \/>\n<meta property=\"og:url\" content=\"https:\/\/www.denmarkfarm.org.uk\/cy\/siopa\/peintio-mandala-troellog-copy\/\" \/>\n<meta property=\"og:site_name\" content=\"Canolfan Gadwraeth Fferm Denmarc\" \/>\n<meta property=\"article:modified_time\" content=\"2026-03-16T11:57:03+00:00\" \/>\n<meta property=\"og:image\" content=\"https:\/\/www.denmarkfarm.org.uk\/wp-content\/uploads\/2026\/02\/balm-golden.jpg\" \/>\n\t<meta property=\"og:image:width\" content=\"2340\" \/>\n\t<meta property=\"og:image:height\" content=\"1930\" \/>\n\t<meta property=\"og:image:type\" content=\"image\/jpeg\" \/>\n<meta name=\"twitter:label1\" content=\"Est. reading time\" \/>\n\t<meta name=\"twitter:data1\" content=\"2 funud\" \/>\n<script type=\"application\/ld+json\" class=\"yoast-schema-graph\">{\"@context\":\"https:\\\/\\\/schema.org\",\"@graph\":[{\"@type\":\"WebPage\",\"@id\":\"https:\\\/\\\/www.denmarkfarm.org.uk\\\/cy\\\/siopa\\\/peintio-mandala-troellog-copy\\\/\",\"url\":\"https:\\\/\\\/www.denmarkfarm.org.uk\\\/cy\\\/siopa\\\/peintio-mandala-troellog-copy\\\/\",\"name\":\"Meddyginiaethau natur ar gyfer dwylo sy'n gweithio'n galed - Canolfan Gadwraeth Fferm Denmarc\",\"isPartOf\":{\"@id\":\"https:\\\/\\\/www.denmarkfarm.org.uk\\\/cy\\\/#website\"},\"primaryImageOfPage\":{\"@id\":\"https:\\\/\\\/www.denmarkfarm.org.uk\\\/cy\\\/siopa\\\/peintio-mandala-troellog-copy\\\/#primaryimage\"},\"image\":{\"@id\":\"https:\\\/\\\/www.denmarkfarm.org.uk\\\/cy\\\/siopa\\\/peintio-mandala-troellog-copy\\\/#primaryimage\"},\"thumbnailUrl\":\"https:\\\/\\\/www.denmarkfarm.org.uk\\\/wp-content\\\/uploads\\\/2026\\\/02\\\/balm-golden.jpg\",\"datePublished\":\"2026-02-16T14:32:31+00:00\",\"dateModified\":\"2026-03-16T11:57:03+00:00\",\"description\":\"Ymunwch \u00e2'r gweithdy llysieuol hwn a chreu eich balm croen iachau eich hun. Archwiliwch blanhigion y gwanwyn, dysgwch dechnegau trwytho, a chymerwch balm personol adref.\",\"breadcrumb\":{\"@id\":\"https:\\\/\\\/www.denmarkfarm.org.uk\\\/cy\\\/siopa\\\/peintio-mandala-troellog-copy\\\/#breadcrumb\"},\"inLanguage\":\"cy\",\"potentialAction\":[{\"@type\":\"ReadAction\",\"target\":[\"https:\\\/\\\/www.denmarkfarm.org.uk\\\/cy\\\/siopa\\\/peintio-mandala-troellog-copy\\\/\"]}]},{\"@type\":\"ImageObject\",\"inLanguage\":\"cy\",\"@id\":\"https:\\\/\\\/www.denmarkfarm.org.uk\\\/cy\\\/siopa\\\/peintio-mandala-troellog-copy\\\/#primaryimage\",\"url\":\"https:\\\/\\\/www.denmarkfarm.org.uk\\\/wp-content\\\/uploads\\\/2026\\\/02\\\/balm-golden.jpg\",\"contentUrl\":\"https:\\\/\\\/www.denmarkfarm.org.uk\\\/wp-content\\\/uploads\\\/2026\\\/02\\\/balm-golden.jpg\",\"width\":2340,\"height\":1930,\"caption\":\"gweithdy llysieuol y gwanwyn balm aur\"},{\"@type\":\"BreadcrumbList\",\"@id\":\"https:\\\/\\\/www.denmarkfarm.org.uk\\\/cy\\\/siopa\\\/peintio-mandala-troellog-copy\\\/#breadcrumb\",\"itemListElement\":[{\"@type\":\"ListItem\",\"position\":1,\"name\":\"Home\",\"item\":\"https:\\\/\\\/www.denmarkfarm.org.uk\\\/cy\\\/\"},{\"@type\":\"ListItem\",\"position\":2,\"name\":\"Siopa\",\"item\":\"https:\\\/\\\/www.denmarkfarm.org.uk\\\/cy\\\/siopa\\\/\"},{\"@type\":\"ListItem\",\"position\":3,\"name\":\"Meddyginiaethau natur ar gyfer dwylo sy&#8217;n gweithio&#8217;n galed\"}]},{\"@type\":\"WebSite\",\"@id\":\"https:\\\/\\\/www.denmarkfarm.org.uk\\\/cy\\\/#website\",\"url\":\"https:\\\/\\\/www.denmarkfarm.org.uk\\\/cy\\\/\",\"name\":\"Canolfan Gadwraeth Fferm Denmarc\",\"description\":\"Canolfan Gadwraeth gyda Gwyliau Eco-gyfeillgar, Maes Gwersylla, Llwybrau Natur a Chyrsiau yng Ngorllewin Cymru\",\"publisher\":{\"@id\":\"https:\\\/\\\/www.denmarkfarm.org.uk\\\/cy\\\/#organization\"},\"potentialAction\":[{\"@type\":\"SearchAction\",\"target\":{\"@type\":\"EntryPoint\",\"urlTemplate\":\"https:\\\/\\\/www.denmarkfarm.org.uk\\\/cy\\\/?s={search_term_string}\"},\"query-input\":{\"@type\":\"PropertyValueSpecification\",\"valueRequired\":true,\"valueName\":\"search_term_string\"}}],\"inLanguage\":\"cy\"},{\"@type\":\"Organization\",\"@id\":\"https:\\\/\\\/www.denmarkfarm.org.uk\\\/cy\\\/#organization\",\"name\":\"Canolfan Gadwraeth Fferm Denmarc\",\"url\":\"https:\\\/\\\/www.denmarkfarm.org.uk\\\/cy\\\/\",\"logo\":{\"@type\":\"ImageObject\",\"inLanguage\":\"cy\",\"@id\":\"https:\\\/\\\/www.denmarkfarm.org.uk\\\/cy\\\/#\\\/schema\\\/logo\\\/image\\\/\",\"url\":\"https:\\\/\\\/www.denmarkfarm.org.uk\\\/wp-content\\\/uploads\\\/2026\\\/01\\\/text-logo.png\",\"contentUrl\":\"https:\\\/\\\/www.denmarkfarm.org.uk\\\/wp-content\\\/uploads\\\/2026\\\/01\\\/text-logo.png\",\"width\":448,\"height\":98,\"caption\":\"Canolfan Gadwraeth Fferm Denmarc\"},\"image\":{\"@id\":\"https:\\\/\\\/www.denmarkfarm.org.uk\\\/cy\\\/#\\\/schema\\\/logo\\\/image\\\/\"}}]}<\/script>\n<!-- \/ Yoast SEO plugin. -->","yoast_head_json":{"title":"Meddyginiaethau natur ar gyfer dwylo sy'n gweithio'n galed - Canolfan Gadwraeth Fferm Denmarc","description":"Ymunwch \u00e2'r gweithdy llysieuol hwn a chreu eich balm croen iachau eich hun. Archwiliwch blanhigion y gwanwyn, dysgwch dechnegau trwytho, a chymerwch balm personol adref.","robots":{"index":"index","follow":"follow","max-snippet":"max-snippet:-1","max-image-preview":"max-image-preview:large","max-video-preview":"max-video-preview:-1"},"canonical":"https:\/\/www.denmarkfarm.org.uk\/cy\/siopa\/peintio-mandala-troellog-copy\/","og_locale":"en_US","og_type":"article","og_title":"Meddyginiaethau natur ar gyfer dwylo sy'n gweithio'n galed - Canolfan Gadwraeth Fferm Denmarc","og_description":"Ymunwch \u00e2'r gweithdy llysieuol hwn a chreu eich balm croen iachau eich hun. Archwiliwch blanhigion y gwanwyn, dysgwch dechnegau trwytho, a chymerwch balm personol adref.","og_url":"https:\/\/www.denmarkfarm.org.uk\/cy\/siopa\/peintio-mandala-troellog-copy\/","og_site_name":"Canolfan Gadwraeth Fferm Denmarc","article_modified_time":"2026-03-16T11:57:03+00:00","og_image":[{"width":2340,"height":1930,"url":"https:\/\/www.denmarkfarm.org.uk\/wp-content\/uploads\/2026\/02\/balm-golden.jpg","type":"image\/jpeg"}],"twitter_misc":{"Est. reading time":"2 funud"},"schema":{"@context":"https:\/\/schema.org","@graph":[{"@type":"WebPage","@id":"https:\/\/www.denmarkfarm.org.uk\/cy\/siopa\/peintio-mandala-troellog-copy\/","url":"https:\/\/www.denmarkfarm.org.uk\/cy\/siopa\/peintio-mandala-troellog-copy\/","name":"Meddyginiaethau natur ar gyfer dwylo sy'n gweithio'n galed - Canolfan Gadwraeth Fferm Denmarc","isPartOf":{"@id":"https:\/\/www.denmarkfarm.org.uk\/cy\/#website"},"primaryImageOfPage":{"@id":"https:\/\/www.denmarkfarm.org.uk\/cy\/siopa\/peintio-mandala-troellog-copy\/#primaryimage"},"image":{"@id":"https:\/\/www.denmarkfarm.org.uk\/cy\/siopa\/peintio-mandala-troellog-copy\/#primaryimage"},"thumbnailUrl":"https:\/\/www.denmarkfarm.org.uk\/wp-content\/uploads\/2026\/02\/balm-golden.jpg","datePublished":"2026-02-16T14:32:31+00:00","dateModified":"2026-03-16T11:57:03+00:00","description":"Ymunwch \u00e2'r gweithdy llysieuol hwn a chreu eich balm croen iachau eich hun. Archwiliwch blanhigion y gwanwyn, dysgwch dechnegau trwytho, a chymerwch balm personol adref.","breadcrumb":{"@id":"https:\/\/www.denmarkfarm.org.uk\/cy\/siopa\/peintio-mandala-troellog-copy\/#breadcrumb"},"inLanguage":"cy","potentialAction":[{"@type":"ReadAction","target":["https:\/\/www.denmarkfarm.org.uk\/cy\/siopa\/peintio-mandala-troellog-copy\/"]}]},{"@type":"ImageObject","inLanguage":"cy","@id":"https:\/\/www.denmarkfarm.org.uk\/cy\/siopa\/peintio-mandala-troellog-copy\/#primaryimage","url":"https:\/\/www.denmarkfarm.org.uk\/wp-content\/uploads\/2026\/02\/balm-golden.jpg","contentUrl":"https:\/\/www.denmarkfarm.org.uk\/wp-content\/uploads\/2026\/02\/balm-golden.jpg","width":2340,"height":1930,"caption":"gweithdy llysieuol y gwanwyn balm aur"},{"@type":"BreadcrumbList","@id":"https:\/\/www.denmarkfarm.org.uk\/cy\/siopa\/peintio-mandala-troellog-copy\/#breadcrumb","itemListElement":[{"@type":"ListItem","position":1,"name":"Home","item":"https:\/\/www.denmarkfarm.org.uk\/cy\/"},{"@type":"ListItem","position":2,"name":"Siopa","item":"https:\/\/www.denmarkfarm.org.uk\/cy\/siopa\/"},{"@type":"ListItem","position":3,"name":"Meddyginiaethau natur ar gyfer dwylo sy&#8217;n gweithio&#8217;n galed"}]},{"@type":"WebSite","@id":"https:\/\/www.denmarkfarm.org.uk\/cy\/#website","url":"https:\/\/www.denmarkfarm.org.uk\/cy\/","name":"Canolfan Gadwraeth Fferm Denmarc","description":"Canolfan Gadwraeth gyda Gwyliau Eco-gyfeillgar, Maes Gwersylla, Llwybrau Natur a Chyrsiau yng Ngorllewin Cymru","publisher":{"@id":"https:\/\/www.denmarkfarm.org.uk\/cy\/#organization"},"potentialAction":[{"@type":"SearchAction","target":{"@type":"EntryPoint","urlTemplate":"https:\/\/www.denmarkfarm.org.uk\/cy\/?s={search_term_string}"},"query-input":{"@type":"PropertyValueSpecification","valueRequired":true,"valueName":"search_term_string"}}],"inLanguage":"cy"},{"@type":"Organization","@id":"https:\/\/www.denmarkfarm.org.uk\/cy\/#organization","name":"Canolfan Gadwraeth Fferm Denmarc","url":"https:\/\/www.denmarkfarm.org.uk\/cy\/","logo":{"@type":"ImageObject","inLanguage":"cy","@id":"https:\/\/www.denmarkfarm.org.uk\/cy\/#\/schema\/logo\/image\/","url":"https:\/\/www.denmarkfarm.org.uk\/wp-content\/uploads\/2026\/01\/text-logo.png","contentUrl":"https:\/\/www.denmarkfarm.org.uk\/wp-content\/uploads\/2026\/01\/text-logo.png","width":448,"height":98,"caption":"Canolfan Gadwraeth Fferm Denmarc"},"image":{"@id":"https:\/\/www.denmarkfarm.org.uk\/cy\/#\/schema\/logo\/image\/"}}]}},"_links":{"self":[{"href":"https:\/\/www.denmarkfarm.org.uk\/cy\/wp-json\/wp\/v2\/product\/20427","targetHints":{"allow":["GET"]}}],"collection":[{"href":"https:\/\/www.denmarkfarm.org.uk\/cy\/wp-json\/wp\/v2\/product"}],"about":[{"href":"https:\/\/www.denmarkfarm.org.uk\/cy\/wp-json\/wp\/v2\/types\/product"}],"wp:featuredmedia":[{"embeddable":true,"href":"https:\/\/www.denmarkfarm.org.uk\/cy\/wp-json\/wp\/v2\/media\/20430"}],"wp:attachment":[{"href":"https:\/\/www.denmarkfarm.org.uk\/cy\/wp-json\/wp\/v2\/media?parent=20427"}],"wp:term":[{"taxonomy":"product_brand","embeddable":true,"href":"https:\/\/www.denmarkfarm.org.uk\/cy\/wp-json\/wp\/v2\/product_brand?post=20427"},{"taxonomy":"product_cat","embeddable":true,"href":"https:\/\/www.denmarkfarm.org.uk\/cy\/wp-json\/wp\/v2\/product_cat?post=20427"},{"taxonomy":"product_tag","embeddable":true,"href":"https:\/\/www.denmarkfarm.org.uk\/cy\/wp-json\/wp\/v2\/product_tag?post=20427"},{"taxonomy":"event-month","embeddable":true,"href":"https:\/\/www.denmarkfarm.org.uk\/cy\/wp-json\/wp\/v2\/event-month?post=20427"}],"curies":[{"name":"wp","href":"https:\/\/api.w.org\/{rel}","templated":true}]}}