{"id":19914,"date":"2026-01-26T10:47:28","date_gmt":"2026-01-26T10:47:28","guid":{"rendered":"https:\/\/dev.denmarkfarm.org.uk\/shop\/canllaw-cadwraeth-2-cadwraeth-ar-gyfer-rhywogaethau-gwlyptiroedd-a-dwr\/"},"modified":"2026-03-09T15:18:25","modified_gmt":"2026-03-09T15:18:25","slug":"canllaw-cadwraeth-2-cadwraeth-ar-gyfer-rhywogaethau-gwlyptiroedd-a-dwr","status":"publish","type":"product","link":"https:\/\/www.denmarkfarm.org.uk\/cy\/siopa\/canllaw-cadwraeth-2-cadwraeth-ar-gyfer-rhywogaethau-gwlyptiroedd-a-dwr\/","title":{"rendered":"Canllaw Cadwraeth 2 &#8211; Cadwraeth ar gyfer Rhywogaethau Gwlyptiroedd a D\u0175r"},"content":{"rendered":"<p><strong><img decoding=\"async\" class=\"alignright wp-image-19542\" src=\"https:\/\/www.denmarkfarm.org.uk\/wp-content\/uploads\/2026\/01\/Conservation-guide-2-wetlands-scaled.jpg\" alt=\"\" width=\"283\" height=\"400\" srcset=\"https:\/\/www.denmarkfarm.org.uk\/wp-content\/uploads\/2026\/01\/Conservation-guide-2-wetlands-scaled.jpg 1810w, https:\/\/www.denmarkfarm.org.uk\/wp-content\/uploads\/2026\/01\/Conservation-guide-2-wetlands-768x1086.jpg 768w, https:\/\/www.denmarkfarm.org.uk\/wp-content\/uploads\/2026\/01\/Conservation-guide-2-wetlands-1086x1536.jpg 1086w, https:\/\/www.denmarkfarm.org.uk\/wp-content\/uploads\/2026\/01\/Conservation-guide-2-wetlands-1448x2048.jpg 1448w, https:\/\/www.denmarkfarm.org.uk\/wp-content\/uploads\/2026\/01\/Conservation-guide-2-wetlands-800x1131.jpg 800w\" sizes=\"(max-width: 283px) 100vw, 283px\" \/>Mae&amp;#39;r canllaw lliw llawn 20 tudalen hwn ar Gadwraeth ar gyfer Rhywogaethau Gwlyptiroedd a D\u0175r yn seiliedig ar gyhoeddiad a gr\u00ebwyd yn wreiddiol gan ein sylfaenwyr, Barbara Taylor a Neil Taylor.<br \/>\n<\/strong><\/p>\n<p>Mae&#8217;r llyfryn hwn yn dangos yr amrywiaeth o opsiynau y gallwch eu hystyried ar gyfer cadwraeth gwlyptiroedd a d\u0175r; a<br \/>\n yn eich cyflwyno i rywfaint o gyfoeth bywyd gwyllt y gellir ei annog trwy ganolbwyntio ar amrywiaeth o gynefinoedd d\u0175r.<\/p>\n<ul>\n<li>Mae&amp;#39;r fersiwn brintiedig yn ddwyieithog (Saesneg a Chymraeg)<\/li>\n<li>Fersiwn PDF y gellir ei lawrlwytho yn Saesneg yn unig.<\/li>\n<\/ul>\n<p><strong>Cynnwys:<\/strong><\/p>\n<ul>\n<li>Cadwraeth ar gyfer Rhywogaethau Gwlyptiroedd a D\u0175r<\/li>\n<li>Cyflwyno Bywyd D\u0175r<\/li>\n<li>Beth sy&#8217;n Byw mewn Pyllau?<\/li>\n<li>Beth sy&#8217;n byw mewn nentydd?<\/li>\n<li>Sut Gwnaethom Greu&#8217;r Amrywiaeth o Gynefinoedd D\u0175r Cydgysylltiedig yn Fferm Denmark<\/li>\n<li>Beth yw Gwerth Rhwydwaith o Gynefinoedd D\u0175r?<\/li>\n<li>Pa Amodau Ydych Chi&#8217;n Ceisio&#8217;u Creu?<\/li>\n<li>Ble i Ddechrau<\/li>\n<\/ul>\n<p><strong>Teitlau eraill yn y gyfres hon:<\/strong><\/p>\n<ul>\n<li>Canllaw 1 &#8211; Trawsnewid Glaswelltir a Reolir yn Ddwys<\/li>\n<li>Canllaw 2 &#8211; Cadwraeth ar gyfer Rhywogaethau Gwlyptiroedd a D\u0175r<\/li>\n<li>Canllaw 3 &#8211; Adfer a Rheoli Porfa Wlyb<\/li>\n<li>Canllaw 4 &#8211; Adfer, Creu a Rheoli Pyllau Bach<\/li>\n<li>Canllaw 5 &#8211; Dylunio ac Adeiladu Pyllau a Llynnoedd Mawr<\/li>\n<\/ul>\n<p>Mae&#8217;r set lawn o ganllawiau ar gael i&#8217;w prynu gyda&#8217;i gilydd am bris gostyngol.<\/p>\n<p><strong>Bydd lawrlwythiadau ar gael unwaith y bydd y taliad wedi&#8217;i gwblhau.<br \/>\n Rhaid lawrlwytho ffeiliau o&#8217;r ddolen a ddarperir o fewn 7 diwrnod i&#8217;w prynu.<br \/>\n<\/strong><\/p>\n<p>&nbsp;<\/p>\n<p><em><i>\u201cFy r\u00f4l i yn y Parc Cenedlaethol yw ymweld \u00e2 ffermwyr a thirfeddianwyr i roi cyngor ar y ffordd orau o reoli eu tir ar gyfer bywyd gwyllt, felly rwyf bob amser yn sicrhau bod gen i stoc o\u2019r llyfrynnau hyn gyda mi i\u2019w dosbarthu. Maent yn hynod ddefnyddiol gan eu bod yn crynhoi\u2019r holl bwyntiau amlwg yn berffaith mewn ffordd sy\u2019n ddarllenadwy ac yn ddeniadol iawn. Mae athroniaeth Fferm Denmark ar adfer tir yn berffaith. Dydw i ddim wedi dod o hyd i unrhyw beth cystal \u00e2\u2019r rhain yn unman arall a nawr eu bod nhw ar gael ar-lein, byddwn ni\u2019n eu hargymell hyd yn oed yn ehangach.\u201d<\/i><\/em><\/p>\n<p><strong>Julie Garlick \u2013 Swyddog Cadwraeth<\/strong> Awdurdod Parc Cenedlaethol Arfordir Penfro<\/p>\n<p><em>\u201cMae\u2019r llyfrynnau hyn yn rhoi enghreifftiau gwych o dechnegau a ddefnyddir ar gyfer adfer a chreu cynefinoedd. Maent yn adnodd delfrydol i unrhyw un sy\u2019n addysgu neu\u2019n dysgu am fesurau cadwraeth ymarferol.\u201d<\/em><\/p>\n<p><strong>Dr Jan Martin \u2013 Darlithydd Ecoleg Prifysgol<\/strong><\/p>\n<p><em>\u201cMae\u2019r llyfrynnau bach hyn yn berlau go iawn, yn cynnig canllawiau ymarferol a defnyddiol i dychymygwyr, ffermwyr a chadwraethwyr fel ei gilydd. Mae\u2019n amlwg bod yr awdur(on) wedi treulio blynyddoedd lawer yn arsylwi eu tir ac yn rhoi cynnig ar wahanol syniadau gyda gofal mawr. Ffrwyth yr holl waith caled hwn yw atebion syml, effaith isel sydd angen ychydig iawn o fewnbwn ac sy\u2019n gweithio\u2019n gyt\u00fbn \u00e2 natur. Darllen hanfodol i unrhyw un sydd \u00e2 diddordeb yn y ffordd orau o adfywio a rheoli glaswelltiroedd a gwlyptiroedd.\u201d<\/em><\/p>\n<p><strong>Stefan Cartwright, tyddynwr, Ffrwythau Pencoed, Llechryd, Aberteifi<\/strong><\/p>\n","protected":false},"excerpt":{"rendered":"<p>Mae&#8217;r canllaw lliw llawn 20 tudalen hwn yn dangos yr amrywiaeth o opsiynau y gallwch eu hystyried ar gyfer cadwraeth gwlyptiroedd a d\u0175r; ac&#8230;<\/p>\n","protected":false},"featured_media":19917,"template":"","meta":{"_acf_changed":false},"product_brand":[],"product_cat":[1405],"product_tag":[1407],"event-month":[],"class_list":{"0":"post-19914","1":"product","2":"type-product","3":"status-publish","4":"has-post-thumbnail","6":"product_cat-canllawiau-cadwraeth","7":"product_tag-sgiliau-gwledig-ac-awyr-agored","9":"first","10":"instock","11":"shipping-taxable","12":"purchasable","13":"product-type-variable"},"acf":[],"yoast_head":"<!-- This site is optimized with the Yoast SEO plugin v27.4 - https:\/\/yoast.com\/product\/yoast-seo-wordpress\/ -->\n<title>Canllaw Cadwraeth 2 - Cadwraeth ar gyfer Rhywogaethau Gwlyptiroedd a D\u0175r - Canolfan Gadwraeth Fferm Denmarc<\/title>\n<meta name=\"description\" content=\"Mae&#039;r canllaw Cadwraeth ar gyfer Rhywogaethau Gwlyptiroedd a D\u0175r hwn yn dangos cyfoeth y bywyd gwyllt y gellir ei annog trwy greu amrywiaeth o gynefinoedd d\u0175r.\" \/>\n<meta name=\"robots\" content=\"index, follow, max-snippet:-1, max-image-preview:large, max-video-preview:-1\" \/>\n<link rel=\"canonical\" href=\"https:\/\/www.denmarkfarm.org.uk\/cy\/siopa\/canllaw-cadwraeth-2-cadwraeth-ar-gyfer-rhywogaethau-gwlyptiroedd-a-dwr\/\" \/>\n<meta property=\"og:locale\" content=\"en_US\" \/>\n<meta property=\"og:type\" content=\"article\" \/>\n<meta property=\"og:title\" content=\"Canllaw Cadwraeth 2 - Cadwraeth ar gyfer Rhywogaethau Gwlyptiroedd a D\u0175r - Canolfan Gadwraeth Fferm Denmarc\" \/>\n<meta property=\"og:description\" content=\"Mae&#039;r canllaw Cadwraeth ar gyfer Rhywogaethau Gwlyptiroedd a D\u0175r hwn yn dangos cyfoeth y bywyd gwyllt y gellir ei annog trwy greu amrywiaeth o gynefinoedd d\u0175r.\" \/>\n<meta property=\"og:url\" content=\"https:\/\/www.denmarkfarm.org.uk\/cy\/siopa\/canllaw-cadwraeth-2-cadwraeth-ar-gyfer-rhywogaethau-gwlyptiroedd-a-dwr\/\" \/>\n<meta property=\"og:site_name\" content=\"Canolfan Gadwraeth Fferm Denmarc\" \/>\n<meta property=\"article:modified_time\" content=\"2026-03-09T15:18:25+00:00\" \/>\n<meta property=\"og:image\" content=\"https:\/\/www.denmarkfarm.org.uk\/wp-content\/uploads\/2019\/01\/Frogspawn_4923.jpg\" \/>\n\t<meta property=\"og:image:width\" content=\"2256\" \/>\n\t<meta property=\"og:image:height\" content=\"1504\" \/>\n\t<meta property=\"og:image:type\" content=\"image\/jpeg\" \/>\n<meta name=\"twitter:label1\" content=\"Est. reading time\" \/>\n\t<meta name=\"twitter:data1\" content=\"2 funud\" \/>\n<script type=\"application\/ld+json\" class=\"yoast-schema-graph\">{\"@context\":\"https:\\\/\\\/schema.org\",\"@graph\":[{\"@type\":\"WebPage\",\"@id\":\"https:\\\/\\\/www.denmarkfarm.org.uk\\\/cy\\\/siopa\\\/canllaw-cadwraeth-2-cadwraeth-ar-gyfer-rhywogaethau-gwlyptiroedd-a-dwr\\\/\",\"url\":\"https:\\\/\\\/www.denmarkfarm.org.uk\\\/cy\\\/siopa\\\/canllaw-cadwraeth-2-cadwraeth-ar-gyfer-rhywogaethau-gwlyptiroedd-a-dwr\\\/\",\"name\":\"Canllaw Cadwraeth 2 - Cadwraeth ar gyfer Rhywogaethau Gwlyptiroedd a D\u0175r - Canolfan Gadwraeth Fferm Denmarc\",\"isPartOf\":{\"@id\":\"https:\\\/\\\/www.denmarkfarm.org.uk\\\/cy\\\/#website\"},\"primaryImageOfPage\":{\"@id\":\"https:\\\/\\\/www.denmarkfarm.org.uk\\\/cy\\\/siopa\\\/canllaw-cadwraeth-2-cadwraeth-ar-gyfer-rhywogaethau-gwlyptiroedd-a-dwr\\\/#primaryimage\"},\"image\":{\"@id\":\"https:\\\/\\\/www.denmarkfarm.org.uk\\\/cy\\\/siopa\\\/canllaw-cadwraeth-2-cadwraeth-ar-gyfer-rhywogaethau-gwlyptiroedd-a-dwr\\\/#primaryimage\"},\"thumbnailUrl\":\"https:\\\/\\\/www.denmarkfarm.org.uk\\\/wp-content\\\/uploads\\\/2019\\\/01\\\/Frogspawn_4923.jpg\",\"datePublished\":\"2026-01-26T10:47:28+00:00\",\"dateModified\":\"2026-03-09T15:18:25+00:00\",\"description\":\"Mae&#39;r canllaw Cadwraeth ar gyfer Rhywogaethau Gwlyptiroedd a D\u0175r hwn yn dangos cyfoeth y bywyd gwyllt y gellir ei annog trwy greu amrywiaeth o gynefinoedd d\u0175r.\",\"breadcrumb\":{\"@id\":\"https:\\\/\\\/www.denmarkfarm.org.uk\\\/cy\\\/siopa\\\/canllaw-cadwraeth-2-cadwraeth-ar-gyfer-rhywogaethau-gwlyptiroedd-a-dwr\\\/#breadcrumb\"},\"inLanguage\":\"cy\",\"potentialAction\":[{\"@type\":\"ReadAction\",\"target\":[\"https:\\\/\\\/www.denmarkfarm.org.uk\\\/cy\\\/siopa\\\/canllaw-cadwraeth-2-cadwraeth-ar-gyfer-rhywogaethau-gwlyptiroedd-a-dwr\\\/\"]}]},{\"@type\":\"ImageObject\",\"inLanguage\":\"cy\",\"@id\":\"https:\\\/\\\/www.denmarkfarm.org.uk\\\/cy\\\/siopa\\\/canllaw-cadwraeth-2-cadwraeth-ar-gyfer-rhywogaethau-gwlyptiroedd-a-dwr\\\/#primaryimage\",\"url\":\"https:\\\/\\\/www.denmarkfarm.org.uk\\\/wp-content\\\/uploads\\\/2019\\\/01\\\/Frogspawn_4923.jpg\",\"contentUrl\":\"https:\\\/\\\/www.denmarkfarm.org.uk\\\/wp-content\\\/uploads\\\/2019\\\/01\\\/Frogspawn_4923.jpg\",\"width\":2256,\"height\":1504},{\"@type\":\"BreadcrumbList\",\"@id\":\"https:\\\/\\\/www.denmarkfarm.org.uk\\\/cy\\\/siopa\\\/canllaw-cadwraeth-2-cadwraeth-ar-gyfer-rhywogaethau-gwlyptiroedd-a-dwr\\\/#breadcrumb\",\"itemListElement\":[{\"@type\":\"ListItem\",\"position\":1,\"name\":\"Home\",\"item\":\"https:\\\/\\\/www.denmarkfarm.org.uk\\\/cy\\\/\"},{\"@type\":\"ListItem\",\"position\":2,\"name\":\"Siopa\",\"item\":\"https:\\\/\\\/www.denmarkfarm.org.uk\\\/cy\\\/siopa\\\/\"},{\"@type\":\"ListItem\",\"position\":3,\"name\":\"Canllaw Cadwraeth 2 &#8211; Cadwraeth ar gyfer Rhywogaethau Gwlyptiroedd a D\u0175r\"}]},{\"@type\":\"WebSite\",\"@id\":\"https:\\\/\\\/www.denmarkfarm.org.uk\\\/cy\\\/#website\",\"url\":\"https:\\\/\\\/www.denmarkfarm.org.uk\\\/cy\\\/\",\"name\":\"Canolfan Gadwraeth Fferm Denmarc\",\"description\":\"Canolfan Gadwraeth gyda Gwyliau Eco-gyfeillgar, Maes Gwersylla, Llwybrau Natur a Chyrsiau yng Ngorllewin Cymru\",\"publisher\":{\"@id\":\"https:\\\/\\\/www.denmarkfarm.org.uk\\\/cy\\\/#organization\"},\"potentialAction\":[{\"@type\":\"SearchAction\",\"target\":{\"@type\":\"EntryPoint\",\"urlTemplate\":\"https:\\\/\\\/www.denmarkfarm.org.uk\\\/cy\\\/?s={search_term_string}\"},\"query-input\":{\"@type\":\"PropertyValueSpecification\",\"valueRequired\":true,\"valueName\":\"search_term_string\"}}],\"inLanguage\":\"cy\"},{\"@type\":\"Organization\",\"@id\":\"https:\\\/\\\/www.denmarkfarm.org.uk\\\/cy\\\/#organization\",\"name\":\"Canolfan Gadwraeth Fferm Denmarc\",\"url\":\"https:\\\/\\\/www.denmarkfarm.org.uk\\\/cy\\\/\",\"logo\":{\"@type\":\"ImageObject\",\"inLanguage\":\"cy\",\"@id\":\"https:\\\/\\\/www.denmarkfarm.org.uk\\\/cy\\\/#\\\/schema\\\/logo\\\/image\\\/\",\"url\":\"https:\\\/\\\/www.denmarkfarm.org.uk\\\/wp-content\\\/uploads\\\/2026\\\/01\\\/text-logo.png\",\"contentUrl\":\"https:\\\/\\\/www.denmarkfarm.org.uk\\\/wp-content\\\/uploads\\\/2026\\\/01\\\/text-logo.png\",\"width\":448,\"height\":98,\"caption\":\"Canolfan Gadwraeth Fferm Denmarc\"},\"image\":{\"@id\":\"https:\\\/\\\/www.denmarkfarm.org.uk\\\/cy\\\/#\\\/schema\\\/logo\\\/image\\\/\"}}]}<\/script>\n<!-- \/ Yoast SEO plugin. -->","yoast_head_json":{"title":"Canllaw Cadwraeth 2 - Cadwraeth ar gyfer Rhywogaethau Gwlyptiroedd a D\u0175r - Canolfan Gadwraeth Fferm Denmarc","description":"Mae&#39;r canllaw Cadwraeth ar gyfer Rhywogaethau Gwlyptiroedd a D\u0175r hwn yn dangos cyfoeth y bywyd gwyllt y gellir ei annog trwy greu amrywiaeth o gynefinoedd d\u0175r.","robots":{"index":"index","follow":"follow","max-snippet":"max-snippet:-1","max-image-preview":"max-image-preview:large","max-video-preview":"max-video-preview:-1"},"canonical":"https:\/\/www.denmarkfarm.org.uk\/cy\/siopa\/canllaw-cadwraeth-2-cadwraeth-ar-gyfer-rhywogaethau-gwlyptiroedd-a-dwr\/","og_locale":"en_US","og_type":"article","og_title":"Canllaw Cadwraeth 2 - Cadwraeth ar gyfer Rhywogaethau Gwlyptiroedd a D\u0175r - Canolfan Gadwraeth Fferm Denmarc","og_description":"Mae&#39;r canllaw Cadwraeth ar gyfer Rhywogaethau Gwlyptiroedd a D\u0175r hwn yn dangos cyfoeth y bywyd gwyllt y gellir ei annog trwy greu amrywiaeth o gynefinoedd d\u0175r.","og_url":"https:\/\/www.denmarkfarm.org.uk\/cy\/siopa\/canllaw-cadwraeth-2-cadwraeth-ar-gyfer-rhywogaethau-gwlyptiroedd-a-dwr\/","og_site_name":"Canolfan Gadwraeth Fferm Denmarc","article_modified_time":"2026-03-09T15:18:25+00:00","og_image":[{"width":2256,"height":1504,"url":"https:\/\/www.denmarkfarm.org.uk\/wp-content\/uploads\/2019\/01\/Frogspawn_4923.jpg","type":"image\/jpeg"}],"twitter_misc":{"Est. reading time":"2 funud"},"schema":{"@context":"https:\/\/schema.org","@graph":[{"@type":"WebPage","@id":"https:\/\/www.denmarkfarm.org.uk\/cy\/siopa\/canllaw-cadwraeth-2-cadwraeth-ar-gyfer-rhywogaethau-gwlyptiroedd-a-dwr\/","url":"https:\/\/www.denmarkfarm.org.uk\/cy\/siopa\/canllaw-cadwraeth-2-cadwraeth-ar-gyfer-rhywogaethau-gwlyptiroedd-a-dwr\/","name":"Canllaw Cadwraeth 2 - Cadwraeth ar gyfer Rhywogaethau Gwlyptiroedd a D\u0175r - Canolfan Gadwraeth Fferm Denmarc","isPartOf":{"@id":"https:\/\/www.denmarkfarm.org.uk\/cy\/#website"},"primaryImageOfPage":{"@id":"https:\/\/www.denmarkfarm.org.uk\/cy\/siopa\/canllaw-cadwraeth-2-cadwraeth-ar-gyfer-rhywogaethau-gwlyptiroedd-a-dwr\/#primaryimage"},"image":{"@id":"https:\/\/www.denmarkfarm.org.uk\/cy\/siopa\/canllaw-cadwraeth-2-cadwraeth-ar-gyfer-rhywogaethau-gwlyptiroedd-a-dwr\/#primaryimage"},"thumbnailUrl":"https:\/\/www.denmarkfarm.org.uk\/wp-content\/uploads\/2019\/01\/Frogspawn_4923.jpg","datePublished":"2026-01-26T10:47:28+00:00","dateModified":"2026-03-09T15:18:25+00:00","description":"Mae&#39;r canllaw Cadwraeth ar gyfer Rhywogaethau Gwlyptiroedd a D\u0175r hwn yn dangos cyfoeth y bywyd gwyllt y gellir ei annog trwy greu amrywiaeth o gynefinoedd d\u0175r.","breadcrumb":{"@id":"https:\/\/www.denmarkfarm.org.uk\/cy\/siopa\/canllaw-cadwraeth-2-cadwraeth-ar-gyfer-rhywogaethau-gwlyptiroedd-a-dwr\/#breadcrumb"},"inLanguage":"cy","potentialAction":[{"@type":"ReadAction","target":["https:\/\/www.denmarkfarm.org.uk\/cy\/siopa\/canllaw-cadwraeth-2-cadwraeth-ar-gyfer-rhywogaethau-gwlyptiroedd-a-dwr\/"]}]},{"@type":"ImageObject","inLanguage":"cy","@id":"https:\/\/www.denmarkfarm.org.uk\/cy\/siopa\/canllaw-cadwraeth-2-cadwraeth-ar-gyfer-rhywogaethau-gwlyptiroedd-a-dwr\/#primaryimage","url":"https:\/\/www.denmarkfarm.org.uk\/wp-content\/uploads\/2019\/01\/Frogspawn_4923.jpg","contentUrl":"https:\/\/www.denmarkfarm.org.uk\/wp-content\/uploads\/2019\/01\/Frogspawn_4923.jpg","width":2256,"height":1504},{"@type":"BreadcrumbList","@id":"https:\/\/www.denmarkfarm.org.uk\/cy\/siopa\/canllaw-cadwraeth-2-cadwraeth-ar-gyfer-rhywogaethau-gwlyptiroedd-a-dwr\/#breadcrumb","itemListElement":[{"@type":"ListItem","position":1,"name":"Home","item":"https:\/\/www.denmarkfarm.org.uk\/cy\/"},{"@type":"ListItem","position":2,"name":"Siopa","item":"https:\/\/www.denmarkfarm.org.uk\/cy\/siopa\/"},{"@type":"ListItem","position":3,"name":"Canllaw Cadwraeth 2 &#8211; Cadwraeth ar gyfer Rhywogaethau Gwlyptiroedd a D\u0175r"}]},{"@type":"WebSite","@id":"https:\/\/www.denmarkfarm.org.uk\/cy\/#website","url":"https:\/\/www.denmarkfarm.org.uk\/cy\/","name":"Canolfan Gadwraeth Fferm Denmarc","description":"Canolfan Gadwraeth gyda Gwyliau Eco-gyfeillgar, Maes Gwersylla, Llwybrau Natur a Chyrsiau yng Ngorllewin Cymru","publisher":{"@id":"https:\/\/www.denmarkfarm.org.uk\/cy\/#organization"},"potentialAction":[{"@type":"SearchAction","target":{"@type":"EntryPoint","urlTemplate":"https:\/\/www.denmarkfarm.org.uk\/cy\/?s={search_term_string}"},"query-input":{"@type":"PropertyValueSpecification","valueRequired":true,"valueName":"search_term_string"}}],"inLanguage":"cy"},{"@type":"Organization","@id":"https:\/\/www.denmarkfarm.org.uk\/cy\/#organization","name":"Canolfan Gadwraeth Fferm Denmarc","url":"https:\/\/www.denmarkfarm.org.uk\/cy\/","logo":{"@type":"ImageObject","inLanguage":"cy","@id":"https:\/\/www.denmarkfarm.org.uk\/cy\/#\/schema\/logo\/image\/","url":"https:\/\/www.denmarkfarm.org.uk\/wp-content\/uploads\/2026\/01\/text-logo.png","contentUrl":"https:\/\/www.denmarkfarm.org.uk\/wp-content\/uploads\/2026\/01\/text-logo.png","width":448,"height":98,"caption":"Canolfan Gadwraeth Fferm Denmarc"},"image":{"@id":"https:\/\/www.denmarkfarm.org.uk\/cy\/#\/schema\/logo\/image\/"}}]}},"_links":{"self":[{"href":"https:\/\/www.denmarkfarm.org.uk\/cy\/wp-json\/wp\/v2\/product\/19914","targetHints":{"allow":["GET"]}}],"collection":[{"href":"https:\/\/www.denmarkfarm.org.uk\/cy\/wp-json\/wp\/v2\/product"}],"about":[{"href":"https:\/\/www.denmarkfarm.org.uk\/cy\/wp-json\/wp\/v2\/types\/product"}],"wp:featuredmedia":[{"embeddable":true,"href":"https:\/\/www.denmarkfarm.org.uk\/cy\/wp-json\/wp\/v2\/media\/19917"}],"wp:attachment":[{"href":"https:\/\/www.denmarkfarm.org.uk\/cy\/wp-json\/wp\/v2\/media?parent=19914"}],"wp:term":[{"taxonomy":"product_brand","embeddable":true,"href":"https:\/\/www.denmarkfarm.org.uk\/cy\/wp-json\/wp\/v2\/product_brand?post=19914"},{"taxonomy":"product_cat","embeddable":true,"href":"https:\/\/www.denmarkfarm.org.uk\/cy\/wp-json\/wp\/v2\/product_cat?post=19914"},{"taxonomy":"product_tag","embeddable":true,"href":"https:\/\/www.denmarkfarm.org.uk\/cy\/wp-json\/wp\/v2\/product_tag?post=19914"},{"taxonomy":"event-month","embeddable":true,"href":"https:\/\/www.denmarkfarm.org.uk\/cy\/wp-json\/wp\/v2\/event-month?post=19914"}],"curies":[{"name":"wp","href":"https:\/\/api.w.org\/{rel}","templated":true}]}}