{"id":19691,"date":"2026-01-26T13:14:00","date_gmt":"2026-01-26T13:14:00","guid":{"rendered":"https:\/\/dev.denmarkfarm.org.uk\/shop\/set-lawn-o-5-canllaw-cadwraeth\/"},"modified":"2026-01-27T16:51:56","modified_gmt":"2026-01-27T16:51:56","slug":"set-lawn-o-5-canllaw-cadwraeth","status":"publish","type":"product","link":"https:\/\/www.denmarkfarm.org.uk\/cy\/siopa\/set-lawn-o-5-canllaw-cadwraeth\/","title":{"rendered":"Set lawn o 5 Canllaw Cadwraeth"},"content":{"rendered":"<p><strong><img decoding=\"async\" class=\"alignright wp-image-18718\" src=\"https:\/\/www.denmarkfarm.org.uk\/wp-content\/uploads\/2026\/01\/Set-of-conservation-guides.png\" alt=\"\" width=\"400\" height=\"400\" srcset=\"https:\/\/www.denmarkfarm.org.uk\/wp-content\/uploads\/2026\/01\/Set-of-conservation-guides.png 948w, https:\/\/www.denmarkfarm.org.uk\/wp-content\/uploads\/2026\/01\/Set-of-conservation-guides-300x300.png 300w, https:\/\/www.denmarkfarm.org.uk\/wp-content\/uploads\/2026\/01\/Set-of-conservation-guides-150x150.png 150w, https:\/\/www.denmarkfarm.org.uk\/wp-content\/uploads\/2026\/01\/Set-of-conservation-guides-768x768.png 768w, https:\/\/www.denmarkfarm.org.uk\/wp-content\/uploads\/2026\/01\/Set-of-conservation-guides-800x800.png 800w\" sizes=\"(max-width: 400px) 100vw, 400px\" \/>Mae&#8217;r pum Canllaw Cadwraeth hyn yn rhoi llu o wybodaeth gysylltiedig am reoli eich tir:<\/strong><\/p>\n<ul>\n<li>Canllaw 1 &#8211; Trawsnewid Glaswelltir a Reolir yn Ddwys<\/li>\n<li>Canllaw 2 &#8211; Cadwraeth ar gyfer Rhywogaethau Gwlyptiroedd a D\u0175r<\/li>\n<li>Canllaw 3 &#8211; Adfer a Rheoli Porfa Wlyb<\/li>\n<li>Canllaw 4 &#8211; Adfer, Creu a Rheoli Pyllau Bach<\/li>\n<li>Canllaw 5 &#8211; Dylunio ac Adeiladu Pyllau a Llynnoedd Mawr<\/li>\n<\/ul>\n<p><strong>Fformatau:<\/strong><\/p>\n<ul>\n<li>Mae&#8217;;r fersiwn brintiedig yn ddwyieithog (Saesneg a Chymraeg)<\/li>\n<li>Fersiwn PDF y gellir ei lawrlwytho yn Saesneg yn unig.<\/li>\n<\/ul>\n<p><strong><br \/>\nBydd lawrlwythiadau ar gael unwaith y bydd y taliad wedi&#8217;i gwblhau.<br \/>\n Rhaid lawrlwytho ffeiliau o&#8217;r ddolen a ddarperir o fewn 7 diwrnod i&#8217;w prynu.<br \/>\n<\/strong><\/p>\n<p>&nbsp;<\/p>\n<p><em><i>\u201cFy r\u00f4l i yn y Parc Cenedlaethol yw ymweld \u00e2 ffermwyr a thirfeddianwyr i roi cyngor ar y ffordd orau o reoli eu tir ar gyfer bywyd gwyllt, felly rwyf bob amser yn sicrhau bod gen i stoc o\u2019r llyfrynnau hyn gyda mi i\u2019w dosbarthu. Maent yn hynod ddefnyddiol gan eu bod yn crynhoi\u2019r holl bwyntiau amlwg yn berffaith mewn ffordd sy\u2019n ddarllenadwy ac yn ddeniadol iawn. Mae athroniaeth Fferm Denmark ar adfer tir yn berffaith. Dydw i ddim wedi dod o hyd i unrhyw beth cystal \u00e2\u2019r rhain yn unman arall a nawr eu bod nhw ar gael ar-lein, byddwn ni\u2019n eu hargymell hyd yn oed yn ehangach.\u201d<\/i><\/em><\/p>\n<p><strong>Julie Garlick \u2013 Swyddog Cadwraeth<\/strong> Awdurdod Parc Cenedlaethol Arfordir Penfro<\/p>\n<p><em>\u201cMae\u2019r llyfrynnau hyn yn rhoi enghreifftiau gwych o dechnegau a ddefnyddir ar gyfer adfer a chreu cynefinoedd. Maent yn adnodd delfrydol i unrhyw un sy\u2019n addysgu neu\u2019n dysgu am fesurau cadwraeth ymarferol.\u201d<\/em><\/p>\n<p><strong>Dr Jan Martin \u2013 Darlithydd Ecoleg Prifysgol<\/strong><\/p>\n<p><em>\u201cMae\u2019r llyfrynnau bach hyn yn berlau go iawn, yn cynnig canllawiau ymarferol a defnyddiol i dychymygwyr, ffermwyr a chadwraethwyr fel ei gilydd. Mae\u2019n amlwg bod yr awdur(on) wedi treulio blynyddoedd lawer yn arsylwi eu tir ac yn rhoi cynnig ar wahanol syniadau gyda gofal mawr. Ffrwyth yr holl waith caled hwn yw atebion syml, effaith isel sydd angen ychydig iawn o fewnbwn ac sy\u2019n gweithio\u2019n gyt\u00fbn \u00e2 natur. Darllen hanfodol i unrhyw un sydd \u00e2 diddordeb yn y ffordd orau o adfywio a rheoli glaswelltiroedd a gwlyptiroedd.\u201d<\/em><\/p>\n<p><strong>Stefan Cartwright, tyddynwr, Ffrwythau Pencoed, Llechryd, Aberteifi<\/strong><\/p>\n","protected":false},"excerpt":{"rendered":"<p>Mae&#8217;r pum Canllaw Cadwraeth 18-22 tudalen hyn yn rhoi llu o wybodaeth ymarferol, gysylltiedig am reoli eich tir: Canllaw 1 &#8211; Trawsnewid Glaswelltir a&#8230;<\/p>\n","protected":false},"featured_media":18718,"template":"","meta":{"_acf_changed":false},"product_brand":[],"product_cat":[1405],"product_tag":[1407],"event-month":[],"class_list":{"0":"post-19691","1":"product","2":"type-product","3":"status-publish","4":"has-post-thumbnail","6":"product_cat-canllawiau-cadwraeth","7":"product_tag-sgiliau-gwledig-ac-awyr-agored","9":"first","10":"instock","11":"shipping-taxable","12":"purchasable","13":"product-type-variable"},"acf":[],"yoast_head":"<!-- This site is optimized with the Yoast SEO plugin v27.6 - https:\/\/yoast.com\/product\/yoast-seo-wordpress\/ -->\n<title>Set lawn o 5 Canllaw Cadwraeth - Canolfan Gadwraeth Fferm Denmarc<\/title>\n<meta name=\"description\" content=\"Mae&#039;r set lawn hon o Ganllawiau Cadwraeth yn rhoi llu o wybodaeth ymarferol, gysylltiedig am reoli eich dolydd, gwlyptiroedd, pyllau a llynnoedd er lles natur.\" \/>\n<meta name=\"robots\" content=\"index, follow, max-snippet:-1, max-image-preview:large, max-video-preview:-1\" \/>\n<link rel=\"canonical\" href=\"https:\/\/www.denmarkfarm.org.uk\/cy\/siopa\/set-lawn-o-5-canllaw-cadwraeth\/\" \/>\n<meta property=\"og:locale\" content=\"en_US\" \/>\n<meta property=\"og:type\" content=\"article\" \/>\n<meta property=\"og:title\" content=\"Set lawn o 5 Canllaw Cadwraeth - Canolfan Gadwraeth Fferm Denmarc\" \/>\n<meta property=\"og:description\" content=\"Mae&#039;r set lawn hon o Ganllawiau Cadwraeth yn rhoi llu o wybodaeth ymarferol, gysylltiedig am reoli eich dolydd, gwlyptiroedd, pyllau a llynnoedd er lles natur.\" \/>\n<meta property=\"og:url\" content=\"https:\/\/www.denmarkfarm.org.uk\/cy\/siopa\/set-lawn-o-5-canllaw-cadwraeth\/\" \/>\n<meta property=\"og:site_name\" content=\"Canolfan Gadwraeth Fferm Denmarc\" \/>\n<meta property=\"article:modified_time\" content=\"2026-01-27T16:51:56+00:00\" \/>\n<meta property=\"og:image\" content=\"https:\/\/www.denmarkfarm.org.uk\/wp-content\/uploads\/2026\/01\/Set-of-conservation-guides.png\" \/>\n\t<meta property=\"og:image:width\" content=\"948\" \/>\n\t<meta property=\"og:image:height\" content=\"948\" \/>\n\t<meta property=\"og:image:type\" content=\"image\/png\" \/>\n<meta name=\"twitter:label1\" content=\"Est. reading time\" \/>\n\t<meta name=\"twitter:data1\" content=\"2 funud\" \/>\n<script type=\"application\/ld+json\" class=\"yoast-schema-graph\">{\"@context\":\"https:\\\/\\\/schema.org\",\"@graph\":[{\"@type\":\"WebPage\",\"@id\":\"https:\\\/\\\/www.denmarkfarm.org.uk\\\/cy\\\/siopa\\\/set-lawn-o-5-canllaw-cadwraeth\\\/\",\"url\":\"https:\\\/\\\/www.denmarkfarm.org.uk\\\/cy\\\/siopa\\\/set-lawn-o-5-canllaw-cadwraeth\\\/\",\"name\":\"Set lawn o 5 Canllaw Cadwraeth - Canolfan Gadwraeth Fferm Denmarc\",\"isPartOf\":{\"@id\":\"https:\\\/\\\/www.denmarkfarm.org.uk\\\/cy\\\/#website\"},\"primaryImageOfPage\":{\"@id\":\"https:\\\/\\\/www.denmarkfarm.org.uk\\\/cy\\\/siopa\\\/set-lawn-o-5-canllaw-cadwraeth\\\/#primaryimage\"},\"image\":{\"@id\":\"https:\\\/\\\/www.denmarkfarm.org.uk\\\/cy\\\/siopa\\\/set-lawn-o-5-canllaw-cadwraeth\\\/#primaryimage\"},\"thumbnailUrl\":\"https:\\\/\\\/www.denmarkfarm.org.uk\\\/wp-content\\\/uploads\\\/2026\\\/01\\\/Set-of-conservation-guides.png\",\"datePublished\":\"2026-01-26T13:14:00+00:00\",\"dateModified\":\"2026-01-27T16:51:56+00:00\",\"description\":\"Mae'r set lawn hon o Ganllawiau Cadwraeth yn rhoi llu o wybodaeth ymarferol, gysylltiedig am reoli eich dolydd, gwlyptiroedd, pyllau a llynnoedd er lles natur.\",\"breadcrumb\":{\"@id\":\"https:\\\/\\\/www.denmarkfarm.org.uk\\\/cy\\\/siopa\\\/set-lawn-o-5-canllaw-cadwraeth\\\/#breadcrumb\"},\"inLanguage\":\"cy\",\"potentialAction\":[{\"@type\":\"ReadAction\",\"target\":[\"https:\\\/\\\/www.denmarkfarm.org.uk\\\/cy\\\/siopa\\\/set-lawn-o-5-canllaw-cadwraeth\\\/\"]}]},{\"@type\":\"ImageObject\",\"inLanguage\":\"cy\",\"@id\":\"https:\\\/\\\/www.denmarkfarm.org.uk\\\/cy\\\/siopa\\\/set-lawn-o-5-canllaw-cadwraeth\\\/#primaryimage\",\"url\":\"https:\\\/\\\/www.denmarkfarm.org.uk\\\/wp-content\\\/uploads\\\/2026\\\/01\\\/Set-of-conservation-guides.png\",\"contentUrl\":\"https:\\\/\\\/www.denmarkfarm.org.uk\\\/wp-content\\\/uploads\\\/2026\\\/01\\\/Set-of-conservation-guides.png\",\"width\":948,\"height\":948},{\"@type\":\"BreadcrumbList\",\"@id\":\"https:\\\/\\\/www.denmarkfarm.org.uk\\\/cy\\\/siopa\\\/set-lawn-o-5-canllaw-cadwraeth\\\/#breadcrumb\",\"itemListElement\":[{\"@type\":\"ListItem\",\"position\":1,\"name\":\"Home\",\"item\":\"https:\\\/\\\/www.denmarkfarm.org.uk\\\/cy\\\/canolfan-gadwraeth-gyda-gwyliau-a-gwersylla-eco-gyfeillgar-llwybrau-a-chyrsiau-yng-ngorllewin-cymru\\\/\"},{\"@type\":\"ListItem\",\"position\":2,\"name\":\"Siopa\",\"item\":\"https:\\\/\\\/www.denmarkfarm.org.uk\\\/cy\\\/siopa\\\/\"},{\"@type\":\"ListItem\",\"position\":3,\"name\":\"Set lawn o 5 Canllaw Cadwraeth\"}]},{\"@type\":\"WebSite\",\"@id\":\"https:\\\/\\\/www.denmarkfarm.org.uk\\\/cy\\\/#website\",\"url\":\"https:\\\/\\\/www.denmarkfarm.org.uk\\\/cy\\\/\",\"name\":\"Canolfan Gadwraeth Fferm Denmarc\",\"description\":\"Canolfan Gadwraeth gyda Gwyliau Eco-gyfeillgar, Maes Gwersylla, Llwybrau Natur a Chyrsiau yng Ngorllewin Cymru\",\"publisher\":{\"@id\":\"https:\\\/\\\/www.denmarkfarm.org.uk\\\/cy\\\/#organization\"},\"potentialAction\":[{\"@type\":\"SearchAction\",\"target\":{\"@type\":\"EntryPoint\",\"urlTemplate\":\"https:\\\/\\\/www.denmarkfarm.org.uk\\\/cy\\\/?s={search_term_string}\"},\"query-input\":{\"@type\":\"PropertyValueSpecification\",\"valueRequired\":true,\"valueName\":\"search_term_string\"}}],\"inLanguage\":\"cy\"},{\"@type\":\"Organization\",\"@id\":\"https:\\\/\\\/www.denmarkfarm.org.uk\\\/cy\\\/#organization\",\"name\":\"Canolfan Gadwraeth Fferm Denmarc\",\"url\":\"https:\\\/\\\/www.denmarkfarm.org.uk\\\/cy\\\/\",\"logo\":{\"@type\":\"ImageObject\",\"inLanguage\":\"cy\",\"@id\":\"https:\\\/\\\/www.denmarkfarm.org.uk\\\/cy\\\/#\\\/schema\\\/logo\\\/image\\\/\",\"url\":\"https:\\\/\\\/www.denmarkfarm.org.uk\\\/wp-content\\\/uploads\\\/2026\\\/01\\\/text-logo.png\",\"contentUrl\":\"https:\\\/\\\/www.denmarkfarm.org.uk\\\/wp-content\\\/uploads\\\/2026\\\/01\\\/text-logo.png\",\"width\":448,\"height\":98,\"caption\":\"Canolfan Gadwraeth Fferm Denmarc\"},\"image\":{\"@id\":\"https:\\\/\\\/www.denmarkfarm.org.uk\\\/cy\\\/#\\\/schema\\\/logo\\\/image\\\/\"}}]}<\/script>\n<!-- \/ Yoast SEO plugin. -->","yoast_head_json":{"title":"Set lawn o 5 Canllaw Cadwraeth - Canolfan Gadwraeth Fferm Denmarc","description":"Mae'r set lawn hon o Ganllawiau Cadwraeth yn rhoi llu o wybodaeth ymarferol, gysylltiedig am reoli eich dolydd, gwlyptiroedd, pyllau a llynnoedd er lles natur.","robots":{"index":"index","follow":"follow","max-snippet":"max-snippet:-1","max-image-preview":"max-image-preview:large","max-video-preview":"max-video-preview:-1"},"canonical":"https:\/\/www.denmarkfarm.org.uk\/cy\/siopa\/set-lawn-o-5-canllaw-cadwraeth\/","og_locale":"en_US","og_type":"article","og_title":"Set lawn o 5 Canllaw Cadwraeth - Canolfan Gadwraeth Fferm Denmarc","og_description":"Mae'r set lawn hon o Ganllawiau Cadwraeth yn rhoi llu o wybodaeth ymarferol, gysylltiedig am reoli eich dolydd, gwlyptiroedd, pyllau a llynnoedd er lles natur.","og_url":"https:\/\/www.denmarkfarm.org.uk\/cy\/siopa\/set-lawn-o-5-canllaw-cadwraeth\/","og_site_name":"Canolfan Gadwraeth Fferm Denmarc","article_modified_time":"2026-01-27T16:51:56+00:00","og_image":[{"width":948,"height":948,"url":"https:\/\/www.denmarkfarm.org.uk\/wp-content\/uploads\/2026\/01\/Set-of-conservation-guides.png","type":"image\/png"}],"twitter_misc":{"Est. reading time":"2 funud"},"schema":{"@context":"https:\/\/schema.org","@graph":[{"@type":"WebPage","@id":"https:\/\/www.denmarkfarm.org.uk\/cy\/siopa\/set-lawn-o-5-canllaw-cadwraeth\/","url":"https:\/\/www.denmarkfarm.org.uk\/cy\/siopa\/set-lawn-o-5-canllaw-cadwraeth\/","name":"Set lawn o 5 Canllaw Cadwraeth - Canolfan Gadwraeth Fferm Denmarc","isPartOf":{"@id":"https:\/\/www.denmarkfarm.org.uk\/cy\/#website"},"primaryImageOfPage":{"@id":"https:\/\/www.denmarkfarm.org.uk\/cy\/siopa\/set-lawn-o-5-canllaw-cadwraeth\/#primaryimage"},"image":{"@id":"https:\/\/www.denmarkfarm.org.uk\/cy\/siopa\/set-lawn-o-5-canllaw-cadwraeth\/#primaryimage"},"thumbnailUrl":"https:\/\/www.denmarkfarm.org.uk\/wp-content\/uploads\/2026\/01\/Set-of-conservation-guides.png","datePublished":"2026-01-26T13:14:00+00:00","dateModified":"2026-01-27T16:51:56+00:00","description":"Mae'r set lawn hon o Ganllawiau Cadwraeth yn rhoi llu o wybodaeth ymarferol, gysylltiedig am reoli eich dolydd, gwlyptiroedd, pyllau a llynnoedd er lles natur.","breadcrumb":{"@id":"https:\/\/www.denmarkfarm.org.uk\/cy\/siopa\/set-lawn-o-5-canllaw-cadwraeth\/#breadcrumb"},"inLanguage":"cy","potentialAction":[{"@type":"ReadAction","target":["https:\/\/www.denmarkfarm.org.uk\/cy\/siopa\/set-lawn-o-5-canllaw-cadwraeth\/"]}]},{"@type":"ImageObject","inLanguage":"cy","@id":"https:\/\/www.denmarkfarm.org.uk\/cy\/siopa\/set-lawn-o-5-canllaw-cadwraeth\/#primaryimage","url":"https:\/\/www.denmarkfarm.org.uk\/wp-content\/uploads\/2026\/01\/Set-of-conservation-guides.png","contentUrl":"https:\/\/www.denmarkfarm.org.uk\/wp-content\/uploads\/2026\/01\/Set-of-conservation-guides.png","width":948,"height":948},{"@type":"BreadcrumbList","@id":"https:\/\/www.denmarkfarm.org.uk\/cy\/siopa\/set-lawn-o-5-canllaw-cadwraeth\/#breadcrumb","itemListElement":[{"@type":"ListItem","position":1,"name":"Home","item":"https:\/\/www.denmarkfarm.org.uk\/cy\/canolfan-gadwraeth-gyda-gwyliau-a-gwersylla-eco-gyfeillgar-llwybrau-a-chyrsiau-yng-ngorllewin-cymru\/"},{"@type":"ListItem","position":2,"name":"Siopa","item":"https:\/\/www.denmarkfarm.org.uk\/cy\/siopa\/"},{"@type":"ListItem","position":3,"name":"Set lawn o 5 Canllaw Cadwraeth"}]},{"@type":"WebSite","@id":"https:\/\/www.denmarkfarm.org.uk\/cy\/#website","url":"https:\/\/www.denmarkfarm.org.uk\/cy\/","name":"Canolfan Gadwraeth Fferm Denmarc","description":"Canolfan Gadwraeth gyda Gwyliau Eco-gyfeillgar, Maes Gwersylla, Llwybrau Natur a Chyrsiau yng Ngorllewin Cymru","publisher":{"@id":"https:\/\/www.denmarkfarm.org.uk\/cy\/#organization"},"potentialAction":[{"@type":"SearchAction","target":{"@type":"EntryPoint","urlTemplate":"https:\/\/www.denmarkfarm.org.uk\/cy\/?s={search_term_string}"},"query-input":{"@type":"PropertyValueSpecification","valueRequired":true,"valueName":"search_term_string"}}],"inLanguage":"cy"},{"@type":"Organization","@id":"https:\/\/www.denmarkfarm.org.uk\/cy\/#organization","name":"Canolfan Gadwraeth Fferm Denmarc","url":"https:\/\/www.denmarkfarm.org.uk\/cy\/","logo":{"@type":"ImageObject","inLanguage":"cy","@id":"https:\/\/www.denmarkfarm.org.uk\/cy\/#\/schema\/logo\/image\/","url":"https:\/\/www.denmarkfarm.org.uk\/wp-content\/uploads\/2026\/01\/text-logo.png","contentUrl":"https:\/\/www.denmarkfarm.org.uk\/wp-content\/uploads\/2026\/01\/text-logo.png","width":448,"height":98,"caption":"Canolfan Gadwraeth Fferm Denmarc"},"image":{"@id":"https:\/\/www.denmarkfarm.org.uk\/cy\/#\/schema\/logo\/image\/"}}]}},"_links":{"self":[{"href":"https:\/\/www.denmarkfarm.org.uk\/cy\/wp-json\/wp\/v2\/product\/19691","targetHints":{"allow":["GET"]}}],"collection":[{"href":"https:\/\/www.denmarkfarm.org.uk\/cy\/wp-json\/wp\/v2\/product"}],"about":[{"href":"https:\/\/www.denmarkfarm.org.uk\/cy\/wp-json\/wp\/v2\/types\/product"}],"wp:featuredmedia":[{"embeddable":true,"href":"https:\/\/www.denmarkfarm.org.uk\/cy\/wp-json\/wp\/v2\/media\/18718"}],"wp:attachment":[{"href":"https:\/\/www.denmarkfarm.org.uk\/cy\/wp-json\/wp\/v2\/media?parent=19691"}],"wp:term":[{"taxonomy":"product_brand","embeddable":true,"href":"https:\/\/www.denmarkfarm.org.uk\/cy\/wp-json\/wp\/v2\/product_brand?post=19691"},{"taxonomy":"product_cat","embeddable":true,"href":"https:\/\/www.denmarkfarm.org.uk\/cy\/wp-json\/wp\/v2\/product_cat?post=19691"},{"taxonomy":"product_tag","embeddable":true,"href":"https:\/\/www.denmarkfarm.org.uk\/cy\/wp-json\/wp\/v2\/product_tag?post=19691"},{"taxonomy":"event-month","embeddable":true,"href":"https:\/\/www.denmarkfarm.org.uk\/cy\/wp-json\/wp\/v2\/event-month?post=19691"}],"curies":[{"name":"wp","href":"https:\/\/api.w.org\/{rel}","templated":true}]}}