{"id":19945,"date":"2011-12-16T20:27:54","date_gmt":"2011-12-16T20:27:54","guid":{"rendered":"https:\/\/dev.denmarkfarm.org.uk\/archwilio\/cwrdd-ar-tim\/"},"modified":"2026-04-02T11:26:48","modified_gmt":"2026-04-02T11:26:48","slug":"cwrdd-ar-tim","status":"publish","type":"page","link":"https:\/\/www.denmarkfarm.org.uk\/cy\/archwilio\/cwrdd-ar-tim\/","title":{"rendered":"Cwrdd \u00e2&#8217;r t\u00eem"},"content":{"rendered":"\n<section id=\"full-width-colour\" class=\"alignfull position-relative overflow-hidden mb-5\" >\n    \n            <div class=\"brush coloured-brush-top z-one\">\n            <img decoding=\"async\" src=\"https:\/\/www.denmarkfarm.org.uk\/wp-content\/themes\/denmark-farm\/images\/orange-brush-top.svg\" alt=\"decoration\">\n        <\/div>\n    \n    <div class=\"position-absolute d-none d-lg-block top-0 start-0\">\n                <\/div>\n    <div class=\"position-absolute d-none d-lg-block bottom-0 end-0\">\n                <\/div>\n    \n    <div class=\"py-5 text-center bg-secondary\">\n        <div class=\"container\">\n            <div class=\"ltd-width pt-4\">\n                                    <h1 class=\"mb-5\">Cwrdd \u00e2&#8217;r t\u00eem<\/h1>\n                                                                            <\/div>\n        <\/div>\n    <\/div>\n\n            <div class=\"brush coloured-brush-bottom z-one\">\n            <img decoding=\"async\" src=\"https:\/\/www.denmarkfarm.org.uk\/wp-content\/themes\/denmark-farm\/images\/orange-brush-bottom.svg\" alt=\"decoration\">\n        <\/div>\n        \n<\/section>\n<section class=\"image-list-block alignfull position-relative mb-5\">\n            \n            <div class=\"image-list-content position-relative\">\n                <div class=\"container z-one\">\n                                        <div class=\"row g-5\">\n                                                                                    <div class=\"col-md-3 col-lg-4\">\n\n                                                                            <div class=\"hero-image position-relative\">\n                                            <figure class=\"mb-0 card-brushed\">\n                                                <img decoding=\"async\" width=\"800\" height=\"600\" src=\"https:\/\/www.denmarkfarm.org.uk\/wp-content\/uploads\/2026\/03\/Chris-Lambert-800x600.jpg\" class=\"\" alt=\"\" \/>                                            <\/figure>\n                                        <\/div>\n                                    \n                                <\/div>\n                                                                                                        \n                            <div class=\"col-md-9 col-lg-8 px-5\">\n                            \n                                                                    <div class=\"\">\n                                                                                <h3 class=\"\">Chris Lambert<\/h3>                                                                                <p class=\"x-bold\">Rheolwr Gwarchodfa Natur a Gwirfoddolwyr  <\/p>                                        <p class=\"\">Ymunodd Chris \u00e2 th\u00eem Fferm Denmark ym mis Mawrth 2026 fel Rheolwr Gwarchodfa Natur a Gwirfoddolwyr newydd.<br \/>\r\n<br \/>\r\nCyn symud i Gymru, 2 flynedd yn \u00f4l, roedd Chris wedi treulio&#8217;r 25 mlynedd diwethaf yn gweithio yn y sector addysg fel athro mewn coleg tir lle bu&#8217;n dysgu popeth o astudiaethau cefn gwlad i ddylunio gerddi. Roedd y coleg ar yst\u00e2d 400 erw felly mae rheoli amrywiaeth o gynefinoedd yn diriogaeth gyfarwydd! <br \/>\r\n<br \/>\r\nAr \u00f4l byw mewn t\u0177 bach lled-ddynodedig yn Reading am yr hyn a deimlai fel oes, rhoddodd y symud i Gymru y lle iddo o&#8217;r diwedd wneud y pethau yr oedd wedi treulio blynyddoedd yn dysgu myfyrwyr i&#8217;w gwneud.  <br \/>\r\n<br \/>\r\nPan nad yw ar fferm Denmarc, gellir ei ganfod yn ceisio ail-greu bywyd da trwy dyfu cymaint \u00e2 phosibl ac yna rhoi cynnig ar wahanol ryseitiau i&#8217;w ddefnyddio i gyd.<br \/>\r\n<br \/>\r\nYn ei amser hamdden, a phan nad yw&#8217;n tyfu llysiau, mae Chris yn hoffi mynd allan i gerdded cymaint \u00e2 phosibl ac yn hoffi ceisio gweld popeth sydd gan y rhan hyfryd hon o Gymru i&#8217;w gynnig.<br \/>\r\n Mae Chris yn dysgu Cymraeg ar hyn o bryd.<\/p>                                    <\/div>\n                                                                \n                            <\/div>\n                                                    \n                    <\/div><!-- .row -->\n                <\/div><!--.container-->\n                                    <hr>\n                            <\/div><!-- .image-list-content -->\n\n        \n            <div class=\"image-list-content position-relative\">\n                <div class=\"container z-one\">\n                                        <div class=\"row g-5\">\n                                                                                    <div class=\"col-md-3 col-lg-4\">\n\n                                                                            <div class=\"hero-image position-relative\">\n                                            <figure class=\"mb-0 card-brushed\">\n                                                <img decoding=\"async\" width=\"800\" height=\"600\" src=\"https:\/\/www.denmarkfarm.org.uk\/wp-content\/uploads\/2026\/03\/Tigs-Smith-800x600.jpg\" class=\"\" alt=\"\" \/>                                            <\/figure>\n                                        <\/div>\n                                    \n                                <\/div>\n                                                                                                        \n                            <div class=\"col-md-9 col-lg-8 px-5\">\n                            \n                                                                    <div class=\"\">\n                                                                                <h3 class=\"\">Tigs Smith<\/h3>                                                                                <p class=\"x-bold\">Rheolwr Ymgysylltu<\/p>                                        <p class=\"\">Ymunodd Tigs \u00e2 th\u00eem Fferm Denmark ym mis Mehefin 2025 fel y Rheolwr Ymgysylltu newydd, mewn r\u00f4l a deimlai fel uchafbwynt perffaith ei holl sgiliau.<br \/>\r\n<br \/>\r\nCyn symud i Gymru yn 2023, astudiodd Tigs am radd mewn Marchnata a gweithiodd fel rheolwr marchnata i fusnes TG addysgol mawr, ond er bod y rhain yn sgiliau gwerthfawr nawr, nid dyma lle&#8217;r oedd ei hangerdd\u2026 Treuliodd Tigs sawl blwyddyn yn dysgu therap\u00efau cyfannol, a daeth yn ymarferydd Zoopharmacognosy (y fersiwn ddof o Ysbyty Cae), ac mae ganddi gariad at ddysgu am blanhigion fel meddygaeth.<br \/>\r\n<br \/>\r\nGan ei bod hi bellach yn byw ar dyddyn bach 12 erw yng Nghellan, mae ei set sgiliau wedi gorfod ehangu&#8217;n gyflym i ddysgu codi waliau cerrig sych, ffensio, a llu o sgiliau gwledig eraill y mae&#8217;r tir y mae hi&#8217;n gofalu amdano ar hyn o bryd yn ei fynnu! Mae cael y lle i dyfu ei bwyd ei hun yn bwysig ac felly mae torri trwy fieri 8 troedfedd i greu gardd lysiau newydd heb gloddio yn rhan o&#8217;r profiad dysgu presennol.  <br \/>\r\n<br \/>\r\nYn ei hamser hamdden, mae Tigs yn mwynhau gwylio&#8217;r barcutiaid coch yn hedfan uwchben, yn chwilota am fwyd ac yn archwilio traethau, coetiroedd, cestyll a lonydd lleol gyda&#8217;i dau gi. Mae hi&#8217;n dysgu Cymraeg hefyd, ac mae hi hanner ffordd drwy&#8217;r cwrs Sylfaen yng ngwanwyn 2026.<\/p>                                    <\/div>\n                                                                \n                            <\/div>\n                                                    \n                    <\/div><!-- .row -->\n                <\/div><!--.container-->\n                                    <hr>\n                            <\/div><!-- .image-list-content -->\n\n        \n            <div class=\"image-list-content position-relative\">\n                <div class=\"container z-one\">\n                                        <div class=\"row g-5\">\n                                                                                    <div class=\"col-md-3 col-lg-4\">\n\n                                                                            <div class=\"hero-image position-relative\">\n                                            <figure class=\"mb-0 card-brushed\">\n                                                <img decoding=\"async\" width=\"800\" height=\"600\" src=\"https:\/\/www.denmarkfarm.org.uk\/wp-content\/uploads\/2023\/04\/IMG-20230407-WA0003-800x600.jpg\" class=\"\" alt=\"\" \/>                                            <\/figure>\n                                        <\/div>\n                                    \n                                <\/div>\n                                                                                                        \n                            <div class=\"col-md-9 col-lg-8 px-5\">\n                            \n                                                                    <div class=\"\">\n                                                                                <h3 class=\"\">Lulu Thelwell<\/h3>                                                                                <p class=\"x-bold\">Rheolwr Cyfleusterau<\/p>                                        <p class=\"\">Cymhwysodd Lulu fel Gweithiwr Cymdeithasol, gan arbenigo mewn iechyd meddwl ac anghenion cymhleth lluosog. Ei chynllun oedd ei defnyddio i sefydlu ei gwybodaeth am bolisi cymdeithasol, er mwyn cefnogi&#8217;r sector elusennol yn well. Mae ei chalon erioed wedi bod gyda gwaith elusennol, ac mae hi wedi treulio&#8217;r rhan fwyaf o&#8217;i gyrfa ers 2011 yn buddsoddi ei hamser mewn cefnogaeth ehangach, gyfannol i bobl a&#8217;u hamgylcheddau.  <br \/>\r\n<br \/>\r\nMae hi&#8217;n credu&#8217;n gryf mewn ymarfer systemig, sef cred mewn perthynas wirioneddol gefnogol a symbiotig rhwng y meddwl, iechyd a&#8217;r amgylchedd. Wedi&#8217;i lleoli ym Mryste ers 10 mlynedd, mae ei rolau proffesiynol wedi tueddu i gael eu hariannu gan grantiau ar gyfer ystod eang o brosiectau cymunedol; ond mae hi hefyd wedi ymgynghori ar brosiect seibiant ar warchodfa g\u00eam yn Ne Affrica, wedi cefnogi prosiect adeiladu cymunedol cynaliadwy yn Guatemala, wedi helpu i gydlynu&#8217;r gwaith o adeiladu gwersyll traeth eco-dwristiaeth ac addysg dielw yn y Philipinau, wedi gwirfoddoli mewn hostel traeth cynaliadwy ar ynys yn Fietnam, wedi helpu i adeiladu ysgol yn Ghana, wedi gwirfoddoli fel garddwr permaculture ar gyfer S\u0175 Bryste &#8211; ac mae&#8217;r rhestr yn mynd ymlaen! <br \/>\r\n<br \/>\r\nDros y blynyddoedd, ehangodd ei diddordebau personol mewn natur a byw&#8217;n gynaliadwy i&#8217;w gwybodaeth am arferion lles a rhagnodi cymdeithasol; yn y b\u00f4n, mae hynny&#8217;n golygu bod bod mewn lle brafiach, gwneud pethau mwy diddorol a hwyliog, cael cyfle i ddysgu a theimlo&#8217;n ddefnyddiol, yn eich helpu i deimlo&#8217;n hapus ac yn fwy bodlon. Dim syndod! Felly mae Lulu yn credu&#8217;n sylfaenol mewn creu amgylcheddau hardd, di-straen ac mae wedi ymrwymo i&#8217;r syniad o fod yn rhan annatod o olwyn Fferm Denmark, gan helpu i hwyluso arosiadau cadarnhaol i westeion a phreswylwyr, a chynnal lle swyddogaethol hardd i bobl fod ynddo.  <\/p>                                    <\/div>\n                                                                \n                            <\/div>\n                                                    \n                    <\/div><!-- .row -->\n                <\/div><!--.container-->\n                                    <hr>\n                            <\/div><!-- .image-list-content -->\n\n        \n            <div class=\"image-list-content position-relative\">\n                <div class=\"container z-one\">\n                                        <div class=\"row g-5\">\n                                                                                    <div class=\"col-md-3 col-lg-4\">\n\n                                                                            <div class=\"hero-image position-relative\">\n                                            <figure class=\"mb-0 card-brushed\">\n                                                <img decoding=\"async\" width=\"800\" height=\"600\" src=\"https:\/\/www.denmarkfarm.org.uk\/wp-content\/uploads\/2011\/12\/IMG_8363-scaled-e1767808384717-800x600.jpg\" class=\"\" alt=\"\" \/>                                            <\/figure>\n                                        <\/div>\n                                    \n                                <\/div>\n                                                                                                        \n                            <div class=\"col-md-9 col-lg-8 px-5\">\n                            \n                                                                    <div class=\"\">\n                                                                                <h3 class=\"\">Marc Richards<\/h3>                                                                                <p class=\"x-bold\">Rheolwr Cyllid<\/p>                                        <p class=\"\">Ymunodd Marc \u00e2&#8217;r t\u00eem yn Fferm Denmark ym mis Mai 2016. Bachgen lleol o Aberystwyth, bu Marc yn gweithio i Brifysgol Aberystwyth am 24 mlynedd, yn gyntaf yn y Swyddfa Gyllid ac yna fel Gweinyddwr Cyllid yr Ysgol Addysg a Dysgu Gydol Oes. Cyn hynny roedd Marc wedi gweithio i Fanc Lloyds am dros 5 mlynedd.    <br \/>\r\n<br \/>\r\nAr hyn o bryd mae Marc yn astudio ar gyfer y Dystysgrif mewn Ecoleg a Chadwraeth ym Mhrifysgol Aberystwyth ac mae&#8217;n edrych ymlaen at greu ei ardd lysiau a&#8217;i hafan bywyd gwyllt ei hun gartref. Mae Marc hefyd yn hoffi ei b\u00eal-droed, ar \u00f4l chwarae a chaptennu ei d\u00eem pentref lleol o Talybont am nifer o flynyddoedd, cyn rheoli&#8217;r t\u00eem ac ar hyn o bryd ef yw Cadeirydd y Clwb. <\/p>                                    <\/div>\n                                                                \n                            <\/div>\n                                                    \n                    <\/div><!-- .row -->\n                <\/div><!--.container-->\n                            <\/div><!-- .image-list-content -->\n\n            <\/section>    <section id=\"divider\" class=\"py-5 my-5 alignfull position-relative d-flex flex-column align-items-center\">\n        <div class=\"container text-end position-relative\">\n            <img decoding=\"async\" width=\"300\" height=\"209\" src=\"https:\/\/www.denmarkfarm.org.uk\/wp-content\/uploads\/2026\/01\/Jay-300x209.png\" class=\"alignleft divider-illustration position-absolute start-0 bottom-0 z-one\" alt=\"\" srcset=\"https:\/\/www.denmarkfarm.org.uk\/wp-content\/uploads\/2026\/01\/Jay-300x209.png 300w, https:\/\/www.denmarkfarm.org.uk\/wp-content\/uploads\/2026\/01\/Jay.png 444w\" sizes=\"(max-width: 300px) 100vw, 300px\" \/>            <p class=\"angelina mt-sm-3 mt-xl-0 mb-3 \">T\u00eem bach ond brwdfrydig ydym ni &#8211; a allech chi fod yn rhan ohono?<\/p>\n        <\/div>\n        <div class=\"divider-img\">\n            <img decoding=\"async\" src=\"https:\/\/www.denmarkfarm.org.uk\/wp-content\/themes\/denmark-farm\/images\/divider.svg\" alt=\"decorative divider\" class=\"divider-svg\" \/>\n        <\/div>\n    <\/section>\n\n<section id=\"full-width-colour\" class=\"alignfull position-relative overflow-hidden mb-n5\" style=\"z-index:3\">\n    \n            <div class=\"brush coloured-brush-top z-one\">\n            <img decoding=\"async\" src=\"https:\/\/www.denmarkfarm.org.uk\/wp-content\/themes\/denmark-farm\/images\/mint-brush-top.svg\" alt=\"decoration\">\n        <\/div>\n    \n    <div class=\"position-absolute d-none d-lg-block top-0 start-0\">\n                <\/div>\n    <div class=\"position-absolute d-none d-lg-block bottom-0 end-0\">\n                <\/div>\n    \n    <div class=\"py-5 text-center bg-tertiary\">\n        <div class=\"container\">\n            <div class=\"ltd-width pt-4\">\n                                    <h1 class=\"mb-5\">Ymunwch \u00e2&#8217;r t\u00eem<\/h1>\n                                                    <div class=\"mb-5\"><p style=\"text-align: center;\">Os hoffech chi gymryd rhan yn ein gwaith, gweler y cyfleoedd cyfredol yma:<\/p>\n<\/div>\n                                                    <a class=\"btn btn-secondary mb-3\" href=\"https:\/\/www.denmarkfarm.org.uk\/cy\/archwilio\/cwrdd-ar-tim\/swyddi-gwag-staff\/\" target=\"\">Swyddi Gwag Staff<\/a>\n                                            <\/div>\n        <\/div>\n    <\/div>\n\n            <div class=\"brush coloured-brush-bottom z-one\">\n            <img decoding=\"async\" src=\"https:\/\/www.denmarkfarm.org.uk\/wp-content\/themes\/denmark-farm\/images\/mint-brush-bottom.svg\" alt=\"decoration\">\n        <\/div>\n        \n<\/section>","protected":false},"excerpt":{"rendered":"","protected":false},"author":10725,"featured_media":0,"parent":19848,"menu_order":0,"comment_status":"closed","ping_status":"closed","template":"","meta":{"_acf_changed":false,"footnotes":""},"class_list":["post-19945","page","type-page","status-publish","hentry"],"acf":[],"yoast_head":"<!-- This site is optimized with the Yoast SEO plugin v27.5 - https:\/\/yoast.com\/product\/yoast-seo-wordpress\/ -->\n<title>Cwrdd \u00e2&#039;r t\u00eem - Canolfan Gadwraeth Fferm Denmarc<\/title>\n<meta name=\"description\" content=\"Dewch i gwrdd \u00e2 th\u00eem staff Fferm Denmark a chydlynu&#039;r holl weithgareddau, digwyddiadau a llety yma, a gweld unrhyw swyddi gwag.\" \/>\n<meta name=\"robots\" content=\"index, follow, max-snippet:-1, max-image-preview:large, max-video-preview:-1\" \/>\n<link rel=\"canonical\" href=\"https:\/\/www.denmarkfarm.org.uk\/cy\/archwilio\/cwrdd-ar-tim\/\" \/>\n<meta property=\"og:locale\" content=\"en_US\" \/>\n<meta property=\"og:type\" content=\"article\" \/>\n<meta property=\"og:title\" content=\"Cwrdd \u00e2&#039;r t\u00eem - Canolfan Gadwraeth Fferm Denmarc\" \/>\n<meta property=\"og:description\" content=\"Dewch i gwrdd \u00e2 th\u00eem staff Fferm Denmark a chydlynu&#039;r holl weithgareddau, digwyddiadau a llety yma, a gweld unrhyw swyddi gwag.\" \/>\n<meta property=\"og:url\" content=\"https:\/\/www.denmarkfarm.org.uk\/cy\/archwilio\/cwrdd-ar-tim\/\" \/>\n<meta property=\"og:site_name\" content=\"Canolfan Gadwraeth Fferm Denmarc\" \/>\n<meta property=\"article:modified_time\" content=\"2026-04-02T11:26:48+00:00\" \/>\n<meta name=\"twitter:label1\" content=\"Est. reading time\" \/>\n\t<meta name=\"twitter:data1\" content=\"4 munud\" \/>\n<script type=\"application\/ld+json\" class=\"yoast-schema-graph\">{\"@context\":\"https:\\\/\\\/schema.org\",\"@graph\":[{\"@type\":\"WebPage\",\"@id\":\"https:\\\/\\\/www.denmarkfarm.org.uk\\\/cy\\\/archwilio\\\/cwrdd-ar-tim\\\/\",\"url\":\"https:\\\/\\\/www.denmarkfarm.org.uk\\\/cy\\\/archwilio\\\/cwrdd-ar-tim\\\/\",\"name\":\"Cwrdd \u00e2'r t\u00eem - Canolfan Gadwraeth Fferm Denmarc\",\"isPartOf\":{\"@id\":\"https:\\\/\\\/www.denmarkfarm.org.uk\\\/cy\\\/#website\"},\"datePublished\":\"2011-12-16T20:27:54+00:00\",\"dateModified\":\"2026-04-02T11:26:48+00:00\",\"description\":\"Dewch i gwrdd \u00e2 th\u00eem staff Fferm Denmark a chydlynu'r holl weithgareddau, digwyddiadau a llety yma, a gweld unrhyw swyddi gwag.\",\"breadcrumb\":{\"@id\":\"https:\\\/\\\/www.denmarkfarm.org.uk\\\/cy\\\/archwilio\\\/cwrdd-ar-tim\\\/#breadcrumb\"},\"inLanguage\":\"cy\",\"potentialAction\":[{\"@type\":\"ReadAction\",\"target\":[\"https:\\\/\\\/www.denmarkfarm.org.uk\\\/cy\\\/archwilio\\\/cwrdd-ar-tim\\\/\"]}]},{\"@type\":\"BreadcrumbList\",\"@id\":\"https:\\\/\\\/www.denmarkfarm.org.uk\\\/cy\\\/archwilio\\\/cwrdd-ar-tim\\\/#breadcrumb\",\"itemListElement\":[{\"@type\":\"ListItem\",\"position\":1,\"name\":\"Home\",\"item\":\"https:\\\/\\\/www.denmarkfarm.org.uk\\\/cy\\\/\"},{\"@type\":\"ListItem\",\"position\":2,\"name\":\"Archwilio\",\"item\":\"https:\\\/\\\/www.denmarkfarm.org.uk\\\/cy\\\/archwilio\\\/\"},{\"@type\":\"ListItem\",\"position\":3,\"name\":\"Cwrdd \u00e2&#8217;r t\u00eem\"}]},{\"@type\":\"WebSite\",\"@id\":\"https:\\\/\\\/www.denmarkfarm.org.uk\\\/cy\\\/#website\",\"url\":\"https:\\\/\\\/www.denmarkfarm.org.uk\\\/cy\\\/\",\"name\":\"Canolfan Gadwraeth Fferm Denmarc\",\"description\":\"Canolfan Gadwraeth gyda Gwyliau Eco-gyfeillgar, Maes Gwersylla, Llwybrau Natur a Chyrsiau yng Ngorllewin Cymru\",\"publisher\":{\"@id\":\"https:\\\/\\\/www.denmarkfarm.org.uk\\\/cy\\\/#organization\"},\"potentialAction\":[{\"@type\":\"SearchAction\",\"target\":{\"@type\":\"EntryPoint\",\"urlTemplate\":\"https:\\\/\\\/www.denmarkfarm.org.uk\\\/cy\\\/?s={search_term_string}\"},\"query-input\":{\"@type\":\"PropertyValueSpecification\",\"valueRequired\":true,\"valueName\":\"search_term_string\"}}],\"inLanguage\":\"cy\"},{\"@type\":\"Organization\",\"@id\":\"https:\\\/\\\/www.denmarkfarm.org.uk\\\/cy\\\/#organization\",\"name\":\"Canolfan Gadwraeth Fferm Denmarc\",\"url\":\"https:\\\/\\\/www.denmarkfarm.org.uk\\\/cy\\\/\",\"logo\":{\"@type\":\"ImageObject\",\"inLanguage\":\"cy\",\"@id\":\"https:\\\/\\\/www.denmarkfarm.org.uk\\\/cy\\\/#\\\/schema\\\/logo\\\/image\\\/\",\"url\":\"https:\\\/\\\/www.denmarkfarm.org.uk\\\/wp-content\\\/uploads\\\/2026\\\/01\\\/text-logo.png\",\"contentUrl\":\"https:\\\/\\\/www.denmarkfarm.org.uk\\\/wp-content\\\/uploads\\\/2026\\\/01\\\/text-logo.png\",\"width\":448,\"height\":98,\"caption\":\"Canolfan Gadwraeth Fferm Denmarc\"},\"image\":{\"@id\":\"https:\\\/\\\/www.denmarkfarm.org.uk\\\/cy\\\/#\\\/schema\\\/logo\\\/image\\\/\"}}]}<\/script>\n<!-- \/ Yoast SEO plugin. -->","yoast_head_json":{"title":"Cwrdd \u00e2'r t\u00eem - Canolfan Gadwraeth Fferm Denmarc","description":"Dewch i gwrdd \u00e2 th\u00eem staff Fferm Denmark a chydlynu'r holl weithgareddau, digwyddiadau a llety yma, a gweld unrhyw swyddi gwag.","robots":{"index":"index","follow":"follow","max-snippet":"max-snippet:-1","max-image-preview":"max-image-preview:large","max-video-preview":"max-video-preview:-1"},"canonical":"https:\/\/www.denmarkfarm.org.uk\/cy\/archwilio\/cwrdd-ar-tim\/","og_locale":"en_US","og_type":"article","og_title":"Cwrdd \u00e2'r t\u00eem - Canolfan Gadwraeth Fferm Denmarc","og_description":"Dewch i gwrdd \u00e2 th\u00eem staff Fferm Denmark a chydlynu'r holl weithgareddau, digwyddiadau a llety yma, a gweld unrhyw swyddi gwag.","og_url":"https:\/\/www.denmarkfarm.org.uk\/cy\/archwilio\/cwrdd-ar-tim\/","og_site_name":"Canolfan Gadwraeth Fferm Denmarc","article_modified_time":"2026-04-02T11:26:48+00:00","twitter_misc":{"Est. reading time":"4 munud"},"schema":{"@context":"https:\/\/schema.org","@graph":[{"@type":"WebPage","@id":"https:\/\/www.denmarkfarm.org.uk\/cy\/archwilio\/cwrdd-ar-tim\/","url":"https:\/\/www.denmarkfarm.org.uk\/cy\/archwilio\/cwrdd-ar-tim\/","name":"Cwrdd \u00e2'r t\u00eem - Canolfan Gadwraeth Fferm Denmarc","isPartOf":{"@id":"https:\/\/www.denmarkfarm.org.uk\/cy\/#website"},"datePublished":"2011-12-16T20:27:54+00:00","dateModified":"2026-04-02T11:26:48+00:00","description":"Dewch i gwrdd \u00e2 th\u00eem staff Fferm Denmark a chydlynu'r holl weithgareddau, digwyddiadau a llety yma, a gweld unrhyw swyddi gwag.","breadcrumb":{"@id":"https:\/\/www.denmarkfarm.org.uk\/cy\/archwilio\/cwrdd-ar-tim\/#breadcrumb"},"inLanguage":"cy","potentialAction":[{"@type":"ReadAction","target":["https:\/\/www.denmarkfarm.org.uk\/cy\/archwilio\/cwrdd-ar-tim\/"]}]},{"@type":"BreadcrumbList","@id":"https:\/\/www.denmarkfarm.org.uk\/cy\/archwilio\/cwrdd-ar-tim\/#breadcrumb","itemListElement":[{"@type":"ListItem","position":1,"name":"Home","item":"https:\/\/www.denmarkfarm.org.uk\/cy\/"},{"@type":"ListItem","position":2,"name":"Archwilio","item":"https:\/\/www.denmarkfarm.org.uk\/cy\/archwilio\/"},{"@type":"ListItem","position":3,"name":"Cwrdd \u00e2&#8217;r t\u00eem"}]},{"@type":"WebSite","@id":"https:\/\/www.denmarkfarm.org.uk\/cy\/#website","url":"https:\/\/www.denmarkfarm.org.uk\/cy\/","name":"Canolfan Gadwraeth Fferm Denmarc","description":"Canolfan Gadwraeth gyda Gwyliau Eco-gyfeillgar, Maes Gwersylla, Llwybrau Natur a Chyrsiau yng Ngorllewin Cymru","publisher":{"@id":"https:\/\/www.denmarkfarm.org.uk\/cy\/#organization"},"potentialAction":[{"@type":"SearchAction","target":{"@type":"EntryPoint","urlTemplate":"https:\/\/www.denmarkfarm.org.uk\/cy\/?s={search_term_string}"},"query-input":{"@type":"PropertyValueSpecification","valueRequired":true,"valueName":"search_term_string"}}],"inLanguage":"cy"},{"@type":"Organization","@id":"https:\/\/www.denmarkfarm.org.uk\/cy\/#organization","name":"Canolfan Gadwraeth Fferm Denmarc","url":"https:\/\/www.denmarkfarm.org.uk\/cy\/","logo":{"@type":"ImageObject","inLanguage":"cy","@id":"https:\/\/www.denmarkfarm.org.uk\/cy\/#\/schema\/logo\/image\/","url":"https:\/\/www.denmarkfarm.org.uk\/wp-content\/uploads\/2026\/01\/text-logo.png","contentUrl":"https:\/\/www.denmarkfarm.org.uk\/wp-content\/uploads\/2026\/01\/text-logo.png","width":448,"height":98,"caption":"Canolfan Gadwraeth Fferm Denmarc"},"image":{"@id":"https:\/\/www.denmarkfarm.org.uk\/cy\/#\/schema\/logo\/image\/"}}]}},"_links":{"self":[{"href":"https:\/\/www.denmarkfarm.org.uk\/cy\/wp-json\/wp\/v2\/pages\/19945","targetHints":{"allow":["GET"]}}],"collection":[{"href":"https:\/\/www.denmarkfarm.org.uk\/cy\/wp-json\/wp\/v2\/pages"}],"about":[{"href":"https:\/\/www.denmarkfarm.org.uk\/cy\/wp-json\/wp\/v2\/types\/page"}],"author":[{"embeddable":true,"href":"https:\/\/www.denmarkfarm.org.uk\/cy\/wp-json\/wp\/v2\/users\/10725"}],"replies":[{"embeddable":true,"href":"https:\/\/www.denmarkfarm.org.uk\/cy\/wp-json\/wp\/v2\/comments?post=19945"}],"version-history":[{"count":4,"href":"https:\/\/www.denmarkfarm.org.uk\/cy\/wp-json\/wp\/v2\/pages\/19945\/revisions"}],"predecessor-version":[{"id":20725,"href":"https:\/\/www.denmarkfarm.org.uk\/cy\/wp-json\/wp\/v2\/pages\/19945\/revisions\/20725"}],"up":[{"embeddable":true,"href":"https:\/\/www.denmarkfarm.org.uk\/cy\/wp-json\/wp\/v2\/pages\/19848"}],"wp:attachment":[{"href":"https:\/\/www.denmarkfarm.org.uk\/cy\/wp-json\/wp\/v2\/media?parent=19945"}],"curies":[{"name":"wp","href":"https:\/\/api.w.org\/{rel}","templated":true}]}}